{"id":47,"date":"2024-04-22T04:47:04","date_gmt":"2024-04-22T04:47:04","guid":{"rendered":"https:\/\/nomini.bet\/?page_id=47"},"modified":"2024-06-11T09:53:37","modified_gmt":"2024-06-11T09:53:37","slug":"jackpots","status":"publish","type":"page","link":"https:\/\/nomini.bet\/?page_id=47","title":{"rendered":"Nomini Casino \u2013 Przewodnik po grach z jackpotem \ud83c\udfb0"},"content":{"rendered":"\n<p>Nomini Casino to miejsce, gdzie marzenia o wielkich wygranych mog\u0105 si\u0119 spe\u0142ni\u0107. Dzi\u0119ki szerokiej ofercie gier z jackpotem, zar\u00f3wno progresywnym, jak i sta\u0142ym, ka\u017cdy gracz ma szans\u0119 na zdobycie ogromnych nagr\u00f3d. Gry z jackpotem to jedne z najbardziej ekscytuj\u0105cych opcji, oferuj\u0105ce mo\u017cliwo\u015b\u0107 wygrania nagr\u00f3d, kt\u00f3re mog\u0105 zmieni\u0107 \u017cycie.<\/p>\n\n\n\n<h2 class=\"wp-block-heading\">Czym s\u0105 gry z jackpotem?<\/h2>\n\n\n\n<p>Gry z jackpotem to automaty do gier, w kt\u00f3rych nagroda g\u0142\u00f3wna \u2013 jackpot \u2013 jest wyj\u0105tkowo wysoka. Jackpot mo\u017ce by\u0107 sta\u0142y (z g\u00f3ry okre\u015blona kwota) lub progresywny (ro\u015bnie wraz z ka\u017cd\u0105 gr\u0105, a\u017c do momentu wygranej).<\/p>\n\n\n\n<h2 class=\"wp-block-heading\">Najpopularniejsze gry z jackpotem w Nomini Casino<\/h2>\n\n\n\n<h3 class=\"wp-block-heading\">1. <strong>Mega Moolah<\/strong><\/h3>\n\n\n\n<ul class=\"wp-block-list\">\n<li><strong>Producent:<\/strong> Microgaming<\/li>\n\n\n\n<li><strong>Rodzaj jackpota:<\/strong> Progresywny<\/li>\n\n\n\n<li><strong>Max wygrana:<\/strong> Ponad 10 milion\u00f3w EUR<\/li>\n\n\n\n<li><strong>Funkcje specjalne:<\/strong> Darmowe spiny, rundy bonusowe<\/li>\n\n\n\n<li><strong>Ocena:<\/strong> \u2b50\u2b50\u2b50\u2b50\u2b50<\/li>\n<\/ul>\n\n\n\n<h3 class=\"wp-block-heading\">2. <strong>Divine Fortune<\/strong><\/h3>\n\n\n\n<ul class=\"wp-block-list\">\n<li><strong>Producent:<\/strong> NetEnt<\/li>\n\n\n\n<li><strong>Rodzaj jackpota:<\/strong> Progresywny<\/li>\n\n\n\n<li><strong>Max wygrana:<\/strong> Ponad 500,000 EUR<\/li>\n\n\n\n<li><strong>Funkcje specjalne:<\/strong> Darmowe spiny, Wild-on-Wild, jackpot bonus game<\/li>\n\n\n\n<li><strong>Ocena:<\/strong> \u2b50\u2b50\u2b50\u2b50\u2606<\/li>\n<\/ul>\n\n\n\n<h3 class=\"wp-block-heading\">3. <strong>Hall of Gods<\/strong><\/h3>\n\n\n\n<ul class=\"wp-block-list\">\n<li><strong>Producent:<\/strong> NetEnt<\/li>\n\n\n\n<li><strong>Rodzaj jackpota:<\/strong> Progresywny<\/li>\n\n\n\n<li><strong>Max wygrana:<\/strong> Ponad 7 milion\u00f3w EUR<\/li>\n\n\n\n<li><strong>Funkcje specjalne:<\/strong> Darmowe spiny, rozszerzaj\u0105ce si\u0119 Wild, jackpot bonus game<\/li>\n\n\n\n<li><strong>Ocena:<\/strong> \u2b50\u2b50\u2b50\u2b50\u2b50<\/li>\n<\/ul>\n\n\n\n<div class=\"wp-block-stackable-image stk-block-image stk-block stk-051c8eb\" data-block-id=\"051c8eb\"><figure><span class=\"stk-img-wrapper stk-image--shape-stretch\"><img loading=\"lazy\" decoding=\"async\" class=\"stk-img wp-image-222\" src=\"https:\/\/nomini.bet\/wp-content\/uploads\/2024\/06\/pikaso_texttoimage_3d-model-Jackpot-games-figure-octane-render-volume.jpeg\" width=\"1216\" height=\"832\" srcset=\"https:\/\/nomini.bet\/wp-content\/uploads\/2024\/06\/pikaso_texttoimage_3d-model-Jackpot-games-figure-octane-render-volume.jpeg 1216w, https:\/\/nomini.bet\/wp-content\/uploads\/2024\/06\/pikaso_texttoimage_3d-model-Jackpot-games-figure-octane-render-volume-300x205.jpeg 300w, https:\/\/nomini.bet\/wp-content\/uploads\/2024\/06\/pikaso_texttoimage_3d-model-Jackpot-games-figure-octane-render-volume-1024x701.jpeg 1024w, https:\/\/nomini.bet\/wp-content\/uploads\/2024\/06\/pikaso_texttoimage_3d-model-Jackpot-games-figure-octane-render-volume-768x525.jpeg 768w\" sizes=\"auto, (max-width: 1216px) 100vw, 1216px\" \/><\/span><\/figure><\/div>\n\n\n\n<h3 class=\"wp-block-heading\">4. <strong>Arabian Nights<\/strong><\/h3>\n\n\n\n<ul class=\"wp-block-list\">\n<li><strong>Producent:<\/strong> NetEnt<\/li>\n\n\n\n<li><strong>Rodzaj jackpota:<\/strong> Progresywny<\/li>\n\n\n\n<li><strong>Max wygrana:<\/strong> Ponad 1 milion EUR<\/li>\n\n\n\n<li><strong>Funkcje specjalne:<\/strong> Darmowe spiny, jackpot bonus game<\/li>\n\n\n\n<li><strong>Ocena:<\/strong> \u2b50\u2b50\u2b50\u2b50\u2606<\/li>\n<\/ul>\n\n\n\n<h3 class=\"wp-block-heading\">5. <strong>Major Millions<\/strong><\/h3>\n\n\n\n<ul class=\"wp-block-list\">\n<li><strong>Producent:<\/strong> Microgaming<\/li>\n\n\n\n<li><strong>Rodzaj jackpota:<\/strong> Progresywny<\/li>\n\n\n\n<li><strong>Max wygrana:<\/strong> Ponad 1 milion EUR<\/li>\n\n\n\n<li><strong>Funkcje specjalne:<\/strong> Wild, jackpot bonus game<\/li>\n\n\n\n<li><strong>Ocena:<\/strong> \u2b50\u2b50\u2b50\u2b50\u2606<\/li>\n<\/ul>\n\n\n\n<h2 class=\"wp-block-heading\">Dlaczego warto gra\u0107 w gry z jackpotem w Nomini Casino?<\/h2>\n\n\n\n<p>Gry z jackpotem oferuj\u0105 nie tylko mo\u017cliwo\u015b\u0107 wygrania ogromnych nagr\u00f3d, ale r\u00f3wnie\u017c doskona\u0142\u0105 zabaw\u0119 dzi\u0119ki r\u00f3\u017cnorodnym tematom i funkcjom specjalnym.<\/p>\n\n\n\n<h3 class=\"wp-block-heading\">Zalety:<\/h3>\n\n\n\n<ul class=\"wp-block-list\">\n<li>\ud83d\udcb0 <strong>Ogromne wygrane<\/strong> \u2013 mo\u017cliwo\u015b\u0107 zdobycia milionowych nagr\u00f3d.<\/li>\n\n\n\n<li>\ud83c\udf10 <strong>Progresywne jackpity<\/strong> \u2013 rosn\u0105ce kwoty nagr\u00f3d, kt\u00f3re mog\u0105 si\u0119ga\u0107 milion\u00f3w.<\/li>\n\n\n\n<li>\ud83c\udf89 <strong>Ekscytuj\u0105ca rozgrywka<\/strong> \u2013 zaawansowane funkcje bonusowe i tematyczne grafiki.<\/li>\n<\/ul>\n\n\n\n<h2 class=\"wp-block-heading\">Tabela por\u00f3wnawcza wybranych gier z jackpotem<\/h2>\n\n\n\n<figure class=\"wp-block-table\"><table><thead><tr><th>Gra<\/th><th>Producent<\/th><th>Rodzaj jackpota<\/th><th>Max wygrana<\/th><th>Funkcje specjalne<\/th><th>Ocena<\/th><\/tr><\/thead><tbody><tr><td>Mega Moolah<\/td><td>Microgaming<\/td><td>Progresywny<\/td><td>Ponad 10 mln EUR<\/td><td>Darmowe spiny, rundy bonusowe<\/td><td>\u2b50\u2b50\u2b50\u2b50\u2b50<\/td><\/tr><tr><td>Divine Fortune<\/td><td>NetEnt<\/td><td>Progresywny<\/td><td>Ponad 500,000 EUR<\/td><td>Darmowe spiny, Wild-on-Wild, jackpot bonus game<\/td><td>\u2b50\u2b50\u2b50\u2b50\u2606<\/td><\/tr><tr><td>Hall of Gods<\/td><td>NetEnt<\/td><td>Progresywny<\/td><td>Ponad 7 mln EUR<\/td><td>Darmowe spiny, rozszerzaj\u0105ce si\u0119 Wild, jackpot bonus game<\/td><td>\u2b50\u2b50\u2b50\u2b50\u2b50<\/td><\/tr><tr><td>Arabian Nights<\/td><td>NetEnt<\/td><td>Progresywny<\/td><td>Ponad 1 mln EUR<\/td><td>Darmowe spiny, jackpot bonus game<\/td><td>\u2b50\u2b50\u2b50\u2b50\u2606<\/td><\/tr><tr><td>Major Millions<\/td><td>Microgaming<\/td><td>Progresywny<\/td><td>Ponad 1 mln EUR<\/td><td>Wild, jackpot bonus game<\/td><td>\u2b50\u2b50\u2b50\u2b50\u2606<\/td><\/tr><\/tbody><\/table><\/figure>\n\n\n\n<h2 class=\"wp-block-heading\">Jak zacz\u0105\u0107 gra\u0107 w Nomini Casino? \ud83c\udfae<\/h2>\n\n\n\n<ol class=\"wp-block-list\">\n<li><strong>Zarejestruj si\u0119<\/strong> na stronie Nomini Casino.<\/li>\n\n\n\n<li><strong>Wp\u0142a\u0107 depozyt<\/strong> za pomoc\u0105 preferowanej metody p\u0142atno\u015bci.<\/li>\n\n\n\n<li><strong>Wybierz gr\u0119 z jackpotem<\/strong> z katalogu dost\u0119pnych slot\u00f3w.<\/li>\n\n\n\n<li><strong>Rozpocznij gr\u0119<\/strong> i miej nadziej\u0119 na wielk\u0105 wygran\u0105!<\/li>\n<\/ol>\n\n\n\n<h2 class=\"wp-block-heading\">Podsumowanie<\/h2>\n\n\n\n<p>Gry z jackpotem w Nomini Casino to doskona\u0142y wyb\u00f3r dla ka\u017cdego, kto marzy o ogromnych wygranych. Dzi\u0119ki szerokiej gamie gier z r\u00f3\u017cnymi tematami i funkcjami bonusowymi, ka\u017cdy znajdzie co\u015b dla siebie. Zarejestruj si\u0119 ju\u017c dzi\u015b i spr\u00f3buj swojego szcz\u0119\u015bcia w jednej z wielu gier z jackpotem w Nomini Casino! \ud83c\udf89<\/p>\n","protected":false},"excerpt":{"rendered":"<p>Nomini Casino to miejsce, gdzie marzenia o wielkich wygranych mog\u0105 si\u0119 spe\u0142ni\u0107. Dzi\u0119ki szerokiej ofercie gier z jackpotem, zar\u00f3wno progresywnym, jak i sta\u0142ym, ka\u017cdy gracz ma szans\u0119 na zdobycie ogromnych nagr\u00f3d. Gry z jackpotem to jedne z najbardziej ekscytuj\u0105cych opcji, oferuj\u0105ce mo\u017cliwo\u015b\u0107 wygrania nagr\u00f3d, kt\u00f3re mog\u0105 zmieni\u0107 \u017cycie. Czym s\u0105 gry z jackpotem? Gry z [&hellip;]<\/p>\n","protected":false},"author":3,"featured_media":0,"parent":43,"menu_order":0,"comment_status":"closed","ping_status":"closed","template":"","meta":{"footnotes":""},"class_list":["post-47","page","type-page","status-publish","hentry"],"blocksy_meta":{"has_hero_section":"default","page_structure_type":"type-3","content_style_source":"inherit","content_style":{"desktop":"wide","tablet":"wide","mobile":"wide"},"vertical_spacing_source":"inherit","content_area_spacing":"none","disable_featured_image":"yes","disable_share_box":"yes","styles_descriptor":{"styles":{"desktop":"","tablet":"","mobile":""},"google_fonts":[],"version":6}},"featured_image_urls":{"full":"","thumbnail":"","medium":"","medium_large":"","large":"","1536x1536":"","2048x2048":""},"post_excerpt_stackable":"<p>Nomini Casino to miejsce, gdzie marzenia o wielkich wygranych mog\u0105 si\u0119 spe\u0142ni\u0107. Dzi\u0119ki szerokiej ofercie gier z jackpotem, zar\u00f3wno progresywnym, jak i sta\u0142ym, ka\u017cdy gracz ma szans\u0119 na zdobycie ogromnych nagr\u00f3d. Gry z jackpotem to jedne z najbardziej ekscytuj\u0105cych opcji, oferuj\u0105ce mo\u017cliwo\u015b\u0107 wygrania nagr\u00f3d, kt\u00f3re mog\u0105 zmieni\u0107 \u017cycie. Czym s\u0105 gry z jackpotem? Gry z jackpotem to automaty do gier, w kt\u00f3rych nagroda g\u0142\u00f3wna \u2013 jackpot \u2013 jest wyj\u0105tkowo wysoka. Jackpot mo\u017ce by\u0107 sta\u0142y (z g\u00f3ry okre\u015blona kwota) lub progresywny (ro\u015bnie wraz z ka\u017cd\u0105 gr\u0105, a\u017c do momentu wygranej). Najpopularniejsze gry z jackpotem w Nomini Casino 1. Mega Moolah Producent:&hellip;<\/p>\n","category_list":"","author_info":{"name":"Aphex Team","url":"https:\/\/nomini.bet\/?author=3"},"comments_num":"0 comments","yoast_head":"<!-- This site is optimized with the Yoast SEO plugin v22.8 - https:\/\/yoast.com\/wordpress\/plugins\/seo\/ -->\n<title>Przewodnik po grach z jackpotem | Nomini Casino \ud83c\udfb0<\/title>\n<meta name=\"description\" content=\"Dowiedz si\u0119 wszystkiego o grach z jackpotem w Nomini Casino. Przeczytaj przewodnik i zacznij wygrywa\u0107 wielkie nagrody!\" \/>\n<meta name=\"robots\" content=\"index, follow, max-snippet:-1, max-image-preview:large, max-video-preview:-1\" \/>\n<link rel=\"canonical\" href=\"https:\/\/nomini.bet\/?page_id=47\" \/>\n<meta property=\"og:locale\" content=\"pl_PL\" \/>\n<meta property=\"og:type\" content=\"article\" \/>\n<meta property=\"og:title\" content=\"Przewodnik po grach z jackpotem | Nomini Casino \ud83c\udfb0\" \/>\n<meta property=\"og:description\" content=\"Dowiedz si\u0119 wszystkiego o grach z jackpotem w Nomini Casino. Przeczytaj przewodnik i zacznij wygrywa\u0107 wielkie nagrody!\" \/>\n<meta property=\"og:url\" content=\"https:\/\/nomini.bet\/?page_id=47\" \/>\n<meta property=\"og:site_name\" content=\"Nomini\" \/>\n<meta property=\"article:modified_time\" content=\"2024-06-11T09:53:37+00:00\" \/>\n<meta property=\"og:image\" content=\"https:\/\/nomini.bet\/wp-content\/uploads\/2024\/06\/pikaso_texttoimage_3d-model-Jackpot-games-figure-octane-render-volume.jpeg\" \/>\n<meta name=\"twitter:card\" content=\"summary_large_image\" \/>\n<meta name=\"twitter:label1\" content=\"Est. reading time\" \/>\n\t<meta name=\"twitter:data1\" content=\"2 minutes\" \/>\n<script type=\"application\/ld+json\" class=\"yoast-schema-graph\">{\"@context\":\"https:\/\/schema.org\",\"@graph\":[{\"@type\":\"WebPage\",\"@id\":\"https:\/\/nomini.bet\/?page_id=47\",\"url\":\"https:\/\/nomini.bet\/?page_id=47\",\"name\":\"Przewodnik po grach z jackpotem | Nomini Casino \ud83c\udfb0\",\"isPartOf\":{\"@id\":\"https:\/\/nomini.bet\/#website\"},\"primaryImageOfPage\":{\"@id\":\"https:\/\/nomini.bet\/?page_id=47#primaryimage\"},\"image\":{\"@id\":\"https:\/\/nomini.bet\/?page_id=47#primaryimage\"},\"thumbnailUrl\":\"https:\/\/nomini.bet\/wp-content\/uploads\/2024\/06\/pikaso_texttoimage_3d-model-Jackpot-games-figure-octane-render-volume.jpeg\",\"datePublished\":\"2024-04-22T04:47:04+00:00\",\"dateModified\":\"2024-06-11T09:53:37+00:00\",\"description\":\"Dowiedz si\u0119 wszystkiego o grach z jackpotem w Nomini Casino. Przeczytaj przewodnik i zacznij wygrywa\u0107 wielkie nagrody!\",\"breadcrumb\":{\"@id\":\"https:\/\/nomini.bet\/?page_id=47#breadcrumb\"},\"inLanguage\":\"pl-PL\",\"potentialAction\":[{\"@type\":\"ReadAction\",\"target\":[\"https:\/\/nomini.bet\/?page_id=47\"]}]},{\"@type\":\"ImageObject\",\"inLanguage\":\"pl-PL\",\"@id\":\"https:\/\/nomini.bet\/?page_id=47#primaryimage\",\"url\":\"https:\/\/nomini.bet\/wp-content\/uploads\/2024\/06\/pikaso_texttoimage_3d-model-Jackpot-games-figure-octane-render-volume.jpeg\",\"contentUrl\":\"https:\/\/nomini.bet\/wp-content\/uploads\/2024\/06\/pikaso_texttoimage_3d-model-Jackpot-games-figure-octane-render-volume.jpeg\",\"width\":1216,\"height\":832},{\"@type\":\"BreadcrumbList\",\"@id\":\"https:\/\/nomini.bet\/?page_id=47#breadcrumb\",\"itemListElement\":[{\"@type\":\"ListItem\",\"position\":1,\"name\":\"Home\",\"item\":\"https:\/\/nomini.bet\/\"},{\"@type\":\"ListItem\",\"position\":2,\"name\":\"Gry kasynowe\",\"item\":\"https:\/\/nomini.bet\/?page_id=43\"},{\"@type\":\"ListItem\",\"position\":3,\"name\":\"Nomini Casino \u2013 Przewodnik po grach z jackpotem \ud83c\udfb0\"}]},{\"@type\":\"WebSite\",\"@id\":\"https:\/\/nomini.bet\/#website\",\"url\":\"https:\/\/nomini.bet\/\",\"name\":\"Nomini\",\"description\":\"\",\"publisher\":{\"@id\":\"https:\/\/nomini.bet\/#organization\"},\"potentialAction\":[{\"@type\":\"SearchAction\",\"target\":{\"@type\":\"EntryPoint\",\"urlTemplate\":\"https:\/\/nomini.bet\/?s={search_term_string}\"},\"query-input\":\"required name=search_term_string\"}],\"inLanguage\":\"pl-PL\"},{\"@type\":\"Organization\",\"@id\":\"https:\/\/nomini.bet\/#organization\",\"name\":\"Nomini\",\"url\":\"https:\/\/nomini.bet\/\",\"logo\":{\"@type\":\"ImageObject\",\"inLanguage\":\"pl-PL\",\"@id\":\"https:\/\/nomini.bet\/#\/schema\/logo\/image\/\",\"url\":\"https:\/\/nomini.bet\/wp-content\/uploads\/2024\/04\/nomini-casino-logo-transparent-160x54.png.webp\",\"contentUrl\":\"https:\/\/nomini.bet\/wp-content\/uploads\/2024\/04\/nomini-casino-logo-transparent-160x54.png.webp\",\"width\":160,\"height\":54,\"caption\":\"Nomini\"},\"image\":{\"@id\":\"https:\/\/nomini.bet\/#\/schema\/logo\/image\/\"}}]}<\/script>\n<!-- \/ Yoast SEO plugin. -->","yoast_head_json":{"title":"Przewodnik po grach z jackpotem | Nomini Casino \ud83c\udfb0","description":"Dowiedz si\u0119 wszystkiego o grach z jackpotem w Nomini Casino. Przeczytaj przewodnik i zacznij wygrywa\u0107 wielkie nagrody!","robots":{"index":"index","follow":"follow","max-snippet":"max-snippet:-1","max-image-preview":"max-image-preview:large","max-video-preview":"max-video-preview:-1"},"canonical":"https:\/\/nomini.bet\/?page_id=47","og_locale":"pl_PL","og_type":"article","og_title":"Przewodnik po grach z jackpotem | Nomini Casino \ud83c\udfb0","og_description":"Dowiedz si\u0119 wszystkiego o grach z jackpotem w Nomini Casino. Przeczytaj przewodnik i zacznij wygrywa\u0107 wielkie nagrody!","og_url":"https:\/\/nomini.bet\/?page_id=47","og_site_name":"Nomini","article_modified_time":"2024-06-11T09:53:37+00:00","og_image":[{"url":"https:\/\/nomini.bet\/wp-content\/uploads\/2024\/06\/pikaso_texttoimage_3d-model-Jackpot-games-figure-octane-render-volume.jpeg"}],"twitter_card":"summary_large_image","twitter_misc":{"Est. reading time":"2 minutes"},"schema":{"@context":"https:\/\/schema.org","@graph":[{"@type":"WebPage","@id":"https:\/\/nomini.bet\/?page_id=47","url":"https:\/\/nomini.bet\/?page_id=47","name":"Przewodnik po grach z jackpotem | Nomini Casino \ud83c\udfb0","isPartOf":{"@id":"https:\/\/nomini.bet\/#website"},"primaryImageOfPage":{"@id":"https:\/\/nomini.bet\/?page_id=47#primaryimage"},"image":{"@id":"https:\/\/nomini.bet\/?page_id=47#primaryimage"},"thumbnailUrl":"https:\/\/nomini.bet\/wp-content\/uploads\/2024\/06\/pikaso_texttoimage_3d-model-Jackpot-games-figure-octane-render-volume.jpeg","datePublished":"2024-04-22T04:47:04+00:00","dateModified":"2024-06-11T09:53:37+00:00","description":"Dowiedz si\u0119 wszystkiego o grach z jackpotem w Nomini Casino. Przeczytaj przewodnik i zacznij wygrywa\u0107 wielkie nagrody!","breadcrumb":{"@id":"https:\/\/nomini.bet\/?page_id=47#breadcrumb"},"inLanguage":"pl-PL","potentialAction":[{"@type":"ReadAction","target":["https:\/\/nomini.bet\/?page_id=47"]}]},{"@type":"ImageObject","inLanguage":"pl-PL","@id":"https:\/\/nomini.bet\/?page_id=47#primaryimage","url":"https:\/\/nomini.bet\/wp-content\/uploads\/2024\/06\/pikaso_texttoimage_3d-model-Jackpot-games-figure-octane-render-volume.jpeg","contentUrl":"https:\/\/nomini.bet\/wp-content\/uploads\/2024\/06\/pikaso_texttoimage_3d-model-Jackpot-games-figure-octane-render-volume.jpeg","width":1216,"height":832},{"@type":"BreadcrumbList","@id":"https:\/\/nomini.bet\/?page_id=47#breadcrumb","itemListElement":[{"@type":"ListItem","position":1,"name":"Home","item":"https:\/\/nomini.bet\/"},{"@type":"ListItem","position":2,"name":"Gry kasynowe","item":"https:\/\/nomini.bet\/?page_id=43"},{"@type":"ListItem","position":3,"name":"Nomini Casino \u2013 Przewodnik po grach z jackpotem \ud83c\udfb0"}]},{"@type":"WebSite","@id":"https:\/\/nomini.bet\/#website","url":"https:\/\/nomini.bet\/","name":"Nomini","description":"","publisher":{"@id":"https:\/\/nomini.bet\/#organization"},"potentialAction":[{"@type":"SearchAction","target":{"@type":"EntryPoint","urlTemplate":"https:\/\/nomini.bet\/?s={search_term_string}"},"query-input":"required name=search_term_string"}],"inLanguage":"pl-PL"},{"@type":"Organization","@id":"https:\/\/nomini.bet\/#organization","name":"Nomini","url":"https:\/\/nomini.bet\/","logo":{"@type":"ImageObject","inLanguage":"pl-PL","@id":"https:\/\/nomini.bet\/#\/schema\/logo\/image\/","url":"https:\/\/nomini.bet\/wp-content\/uploads\/2024\/04\/nomini-casino-logo-transparent-160x54.png.webp","contentUrl":"https:\/\/nomini.bet\/wp-content\/uploads\/2024\/04\/nomini-casino-logo-transparent-160x54.png.webp","width":160,"height":54,"caption":"Nomini"},"image":{"@id":"https:\/\/nomini.bet\/#\/schema\/logo\/image\/"}}]}},"_links":{"self":[{"href":"https:\/\/nomini.bet\/index.php?rest_route=\/wp\/v2\/pages\/47","targetHints":{"allow":["GET"]}}],"collection":[{"href":"https:\/\/nomini.bet\/index.php?rest_route=\/wp\/v2\/pages"}],"about":[{"href":"https:\/\/nomini.bet\/index.php?rest_route=\/wp\/v2\/types\/page"}],"author":[{"embeddable":true,"href":"https:\/\/nomini.bet\/index.php?rest_route=\/wp\/v2\/users\/3"}],"replies":[{"embeddable":true,"href":"https:\/\/nomini.bet\/index.php?rest_route=%2Fwp%2Fv2%2Fcomments&post=47"}],"version-history":[{"count":0,"href":"https:\/\/nomini.bet\/index.php?rest_route=\/wp\/v2\/pages\/47\/revisions"}],"up":[{"embeddable":true,"href":"https:\/\/nomini.bet\/index.php?rest_route=\/wp\/v2\/pages\/43"}],"wp:attachment":[{"href":"https:\/\/nomini.bet\/index.php?rest_route=%2Fwp%2Fv2%2Fmedia&parent=47"}],"curies":[{"name":"wp","href":"https:\/\/api.w.org\/{rel}","templated":true}]}}