{"id":45,"date":"2024-04-22T04:46:09","date_gmt":"2024-04-22T04:46:09","guid":{"rendered":"https:\/\/nomini.bet\/?page_id=45"},"modified":"2024-06-06T16:50:25","modified_gmt":"2024-06-06T16:50:25","slug":"live-games","status":"publish","type":"page","link":"https:\/\/nomini.bet\/?page_id=45","title":{"rendered":"Gry kasynowe na \u017cywo"},"content":{"rendered":"\n<p>Zanurzmy si\u0119 w fascynuj\u0105cy \u015bwiat gier kasynowych z Nomini Casino. Znane z szerokiej gamy gier, od blackjacka po ruletk\u0119, Nomini Casino jest miejscem, kt\u00f3re zadowoli nawet najbardziej wymagaj\u0105cych graczy. Czy jeste\u015b fanem klasycznych gier sto\u0142owych, czy szukasz czego\u015b nowego, jak na przyk\u0142ad gier na \u017cywo, Nomini ma co\u015b dla ka\u017cdego.<\/p>\n\n\n\n<p>Nomini Casino wsp\u00f3\u0142pracuje z wieloma dostawcami oprogramowania, takimi jak Microgaming, NetEnt i Evolution, co gwarantuje r\u00f3\u017cnorodno\u015b\u0107 i jako\u015b\u0107 gier. W\u015br\u00f3d nich znajduj\u0105 si\u0119 popularne gry na \u017cywo, takie jak Dream Catcher, Mega Wheel i Music Wheel, kt\u00f3re wprowadzaj\u0105 zupe\u0142nie nowy wymiar do gier kasynowych.<\/p>\n\n\n\n<p>Oferuj\u0105c bonus powitalny do 1000 euro dla nowych graczy, Nomini Casino jest miejscem, w kt\u00f3rym warto zagra\u0107. Czy jeste\u015b gotowy do\u015bwiadczy\u0107 ekscytacji gier na \u017cywo?<\/p>\n\n\n\n<h2 class=\"wp-block-heading\" id=\"summary-to-nomini-casino\">Podsumowanie kasyna Nomini<\/h2>\n\n\n\n<p>Nomini Casino, to pod\u015bwietlone i nowoczesne kasyno online, kt\u00f3re zwraca uwag\u0119 swoj\u0105 jasn\u0105 i czyst\u0105 estetyk\u0105. Platforma jest dost\u0119pna na r\u00f3\u017cnych urz\u0105dzeniach, w tym na smartfonach i tabletach, dzi\u0119ki czemu gracze mog\u0105 cieszy\u0107 si\u0119 gr\u0105 niezale\u017cnie od miejsca, w kt\u00f3rym si\u0119 znajduj\u0105. Przyst\u0119pno\u015b\u0107 mobilna Nomini Casino zas\u0142uguje na szczeg\u00f3lne uznanie. Fakt, \u017ce nie potrzebujesz do tego \u017cadnej dodatkowej aplikacji, podkre\u015bla \u0142atwo\u015b\u0107 korzystania z tego kasyna online.<\/p>\n\n\n\n<p>Szeroka gama gier dost\u0119pnych w Nomini Casino zapewne przyci\u0105gnie zar\u00f3wno nowych graczy, jak i do\u015bwiadczonych weteran\u00f3w kasyna. Do wyboru jest wiele gier od renomowanych dostawc\u00f3w oprogramowania, takich jak NetEnt, Yggdrasil Gaming, iSoftBet, Pragmatic Play i Evolution Gaming. W kolekcji kasyna znajdziesz r\u00f3wnie\u017c gry na \u017cywo, dzi\u0119ki czemu mo\u017cesz cieszy\u0107 si\u0119 autentycznym do\u015bwiadczeniem kasyna z wygody w\u0142asnego domu.<\/p>\n\n\n\n<p>Ponadto, system wsparcia dost\u0119pny przez ca\u0142\u0105 dob\u0119 poprzez opcj\u0119 czatu na \u017cywo jest istotnym atutem Nomini Casino. Bez wzgl\u0119du na problem lub pytanie, szybka i przyjazna obs\u0142uga klienta jest na wyci\u0105gni\u0119cie r\u0119ki. System p\u0142atno\u015bci w Nomini Casino jest tak\u017ce godny uwagi, z szeregiem dost\u0119pnych opcji, w tym Visa, MasterCard, Neteller, Skrill i wiele innych, umo\u017cliwiaj\u0105c graczom elastyczno\u015b\u0107 w zarz\u0105dzaniu swoim saldem.<\/p>\n\n\n\n<p>Nomini Casino zyska\u0142o licencj\u0119 na dzia\u0142alno\u015b\u0107 i jest regulowane przez prawo Cura\u00e7ao, zapewniaj\u0105c graczom pewno\u015b\u0107 co do wiarygodno\u015bci i uczciwo\u015bci platformy. Naszym zdaniem, zas\u0142uguje na uwag\u0119 jako atrakcyjna i godna zaufania opcja dla graczy online.<\/p>\n\n\n\n<h2 class=\"wp-block-heading\" id=\"nomini-live-casino-information\">Informacje o kasynie na \u017cywo Nomini<\/h2>\n\n\n\n<p>Kasyno Nomini to miejsce, gdzie mo\u017cemy cieszy\u0107 si\u0119 grami na \u017cywo, a przy tym by\u0107 pewnymi, \u017ce s\u0105 prowadzone zgodnie z najwy\u017cszymi standardami bezstronno\u015bci. Kasyno regularnie poddaje swoje gry audytom, aby zapewni\u0107, \u017ce ka\u017cda runda gry jest niesprawdzona i naprawd\u0119 losowa. Oznacza to, \u017ce masz takie same szanse na wygran\u0105, jakby\u015b gra\u0142 w prawdziwym kasynie.<\/p>\n\n\n\n<p>Dost\u0119p do gier na \u017cywo w Nomini Casino jest nie tylko sprawny, ale i bezpieczny. Kasyno dba o swoich graczy, tworz\u0105c bezpieczne miejsce do gry online. Wykorzystuj\u0105c szyfrowanie SSL na wszystkich stronach swojej strony internetowej, upewniaj\u0105 si\u0119, \u017ce \u017cadne wys\u0142ane przez Ciebie informacje nie mog\u0105 by\u0107 przeczytane przez nikogo innego. Bez wzgl\u0119du na to, czy chodzi o wp\u0142at\u0119 depozytu, czy o wyp\u0142at\u0119 wygranych, informacje te s\u0105 zawsze chronione.<\/p>\n\n\n\n<p>Zawsze, gdy napotkasz problem, mo\u017cesz skontaktowa\u0107 si\u0119 z zespo\u0142em wsparcia Nomini Casino. S\u0105 dost\u0119pni przez telefon, e-mail, czy czat na \u017cywo 24\/7. Maj\u0105 tak\u017ce gotowy dzia\u0142 FAQ, kt\u00f3ry odpowiada na najcz\u0119\u015bciej zadawane pytania. Oznacza to, \u017ce pomoc jest zawsze na wyci\u0105gni\u0119cie r\u0119ki, bez wzgl\u0119du na to, jakie pytanie Ci\u0119 nurtuje.<\/p>\n\n\n\n<p>Jednak\u017ce, Live Casino Nomini to nie tylko bezpiecze\u0144stwo i wsparcie. To tak\u017ce szeroka gama gier. Dzi\u0119ki wsp\u00f3\u0142pracy z takimi gigantami, jak Evolution Gaming, oferuj\u0105 wiele r\u00f3\u017cnych gier na \u017cywo, tak aby ka\u017cdy m\u00f3g\u0142 znale\u017a\u0107 co\u015b dla siebie. Czy preferujesz blackjacka, ruletk\u0119, czy poker na \u017cywo, zawsze znajdziesz tu co\u015b dla siebie. W ko\u0144cu, rozrywka jest najwa\u017cniejsza, a Nomini Casino zrobi wszystko, aby tak w\u0142a\u015bnie by\u0142o.<\/p>\n\n\n\n<h2 class=\"wp-block-heading\" id=\"nomini-live-casino-review\">Recenzja kasyna na \u017cywo Nomini<\/h2>\n\n\n\n<p>Atrakcj\u0105 Nomini Casino s\u0105 gry na \u017cywo. Wsp\u00f3\u0142praca z firmami takimi jak Pragmatic Play, iSoftBet, NetEnt, Yggdrasil Gaming oraz Evolution Gaming, oferuj\u0119 r\u00f3\u017cnorodne i pasjonuj\u0105ce do\u015bwiadczenia. Dzi\u0119ki rozbudowanemu wyborowi dost\u0119pne s\u0105 nie tylko klasyczne gry, takie jak poker, blackjack, ruletka, ale tak\u017ce gry pokazowe i tytu\u0142y ekskluzywne.<\/p>\n\n\n\n<p>Obecnie, portfolio kasyna Nomini obejmuje 225 gier na \u017cywo. W\u015br\u00f3d nich znajduj\u0105 si\u0119 takie gry jak blackjack na \u017cywo, baccarat, ko\u015bci, ruletka, poker, gry pokazowe. Wszystkie gry s\u0105 dost\u0119pne za po\u015brednictwem prawie dowolnego urz\u0105dzenia mobilnego, co daje graczom mo\u017cliwo\u015b\u0107 gry w dowolnym miejscu i czasie.<\/p>\n\n\n\n<p>Ebuj\u0105ca pod bibu\u0142\u0105 przyci\u0105gaj\u0105ca wzrok \u201ejasnego i soczystego kasyna online\u201d, strona Nomini Casino powita Ci\u0119 zestawem weso\u0142ych postaci w kszta\u0142cie owoc\u00f3w. Jest to radosne, wr\u0119cz urocze podej\u015bcie do estetyki kasyna, zdecydowanie odstaj\u0105ce od tradycyjnej, cz\u0119sto powa\u017cnej strony gier hazardowych.<\/p>\n\n\n\n<p>Dost\u0119p do gier ruletki na \u017cywo jest \u0142atwy i zrozumia\u0142y. Wystarczy klikn\u0105\u0107 sekcj\u0119 kasyna na \u017cywo oznaczon\u0105 jako \u201eruletka\u201d. Nast\u0119pnie wybierasz \u201ezobacz wszystko\u201d aby ods\u0142oni\u0107 wszystkie 60 dost\u0119pnych opcji. Klikaj\u0105c \u201eGraj\u201d rozpocznie si\u0119 \u0142adowanie gry.<\/p>\n\n\n\n<p>Jak podaj\u0105 statystyki, \u015brednia reakcja na skargi wynosi 2 dni. Obs\u0142uga klienta Nomini Casino jest chwalona za swoj\u0105 pomoc i uprzedzenia. Wi\u0119cej informacji o kasynie znajdziesz w naszym algorytmie CasinoRank, kt\u00f3ry obiektywnie ocenia i ocenia kasyna online na podstawie naszego dziesi\u0119cioletniego do\u015bwiadczenia w pracy z kasynami i graczami.<\/p>\n\n\n\n<figure class=\"wp-block-image size-large\"><img loading=\"lazy\" decoding=\"async\" width=\"1024\" height=\"585\" src=\"https:\/\/nomini.bet\/wp-content\/uploads\/2024\/05\/live-casino1-1024x585.jpeg\" alt=\"\" class=\"wp-image-199\" srcset=\"https:\/\/nomini.bet\/wp-content\/uploads\/2024\/05\/live-casino1-1024x585.jpeg 1024w, https:\/\/nomini.bet\/wp-content\/uploads\/2024\/05\/live-casino1-300x171.jpeg 300w, https:\/\/nomini.bet\/wp-content\/uploads\/2024\/05\/live-casino1-768x439.jpeg 768w, https:\/\/nomini.bet\/wp-content\/uploads\/2024\/05\/live-casino1-1536x878.jpeg 1536w, https:\/\/nomini.bet\/wp-content\/uploads\/2024\/05\/live-casino1.jpeg 1792w\" sizes=\"auto, (max-width: 1024px) 100vw, 1024px\" \/><\/figure>\n\n\n\n<h2 class=\"wp-block-heading\" id=\"games-at-nomini-live-casino\">Gry w kasynie na \u017cywo Nomini<\/h2>\n\n\n\n<h3 class=\"wp-block-heading\" id=\"ruletka-na-zywo-w-nomini-casino\">Ruletka na \u017cywo w Nomini Casino<\/h3>\n\n\n\n<p>Nie ma nic bardziej ekscytuj\u0105cego, ni\u017c uczestnictwo w grze w ruletk\u0119 na \u017cywo w Nomini Casino. Oferujemy wiele wariant\u00f3w tej klasycznej gry, takich jak Francuska Ruletka i Europejska Ruletka. Dzi\u0119ki tym grom mo\u017cesz poczu\u0107 atmosfer\u0119 prawdziwego kasyna, nie ruszaj\u0105c si\u0119 z komfortu swojego domu. Gry s\u0105 zawsze dost\u0119pne dla graczy na r\u00f3\u017cnych urz\u0105dzeniach mobilnych, co umo\u017cliwia luzowanie w dowolnym miejscu i czasie.<\/p>\n\n\n\n<h3 class=\"wp-block-heading\" id=\"blackjack-na-zywo-w-nomini-casino\">Blackjack na \u017cywo w Nomini Casino<\/h3>\n\n\n\n<p>Blackjack to jedna z najpopularniejszych gier w naszym kasynie. W Nomini Casino mamy a\u017c 60 sto\u0142\u00f3w do blackjacka, przy kt\u00f3rych mo\u017cna usi\u0105\u015b\u0107 i zagra\u0107 razem z tysi\u0105cami graczy z ca\u0142ego \u015bwiata. Nasze gry to po\u0142\u0105czenie klasycznych zasad z innowacyjnymi i nagr\u00f3dzaj\u0105cymi zak\u0142adami bocznymi, kt\u00f3re nadaj\u0105 tej grze dodatkowego smaku. Do najpopularniejszych gier nale\u017c\u0105 Infinite Blackjack, One Blackjack, Free Bet Blackjack, Lightning Blackjack.<\/p>\n\n\n\n<h3 class=\"wp-block-heading\" id=\"baccarat-na-zywo-w-nomini-casino\">Baccarat na \u017cywo w Nomini Casino<\/h3>\n\n\n\n<p>W Nomini Casino, znajdziesz gry Baccarat, kt\u00f3re \u0142\u0105cz\u0105 si\u0119 z grami Dice Games. Mamy w portfolio 55 gier, kt\u00f3re oferuj\u0105 klasyczne zasady, a tak\u017ce gry z zak\u0142adami bocznymi, grami bonusowymi oraz funkcjami w grze. Najwa\u017cniejsze tytu\u0142y to Dragon Tiger Live, Peek Baccarat, No Commission Baccarat, Baccarat Control Squeeze oraz Golden Wealth Baccarat.<\/p>\n\n\n\n<h3 class=\"wp-block-heading\" id=\"pokazy-na-zywo-w-nomini-casino\">Pokazy na \u017cywo w Nomini Casino<\/h3>\n\n\n\n<p>Gry na \u017cywo Nomini Casino oferuj\u0105 zupe\u0142nie inn\u0105 perspektyw\u0119 rozgrywki kasynowej. Te popularne gry, takie jak Dream Catcher, Mega Wheel i Music Wheel, nazywane s\u0105 &#8220;pokazami&#8221;, poniewa\u017c s\u0105 adaptacj\u0105 klasycznych telewizyjnych gier i daj\u0105 zupe\u0142nie nowy wymiar rozgrywce. W przypadku tych gier mo\u017cesz zagra\u0107 w r\u00f3\u017cne gry, kt\u00f3re z pewno\u015bci\u0105 dostarcz\u0105 Ci wielu godzin rozrywki. Wszystko to sprawia, \u017ce s\u0105 jednymi z najbardziej po\u017c\u0105danych gier w bran\u017cy hazardowej.<\/p>\n\n\n\n<h2 class=\"wp-block-heading\" id=\"live-game-providers-in-nomini-casino\">Dostawcy gier na \u017cywo w Nomini Casino<\/h2>\n\n\n\n<p>Nomini Casino wsp\u00f3\u0142pracuje z wieloma renomowanymi dostawcami oprogramowania, wzbogacaj\u0105c swoje us\u0142ugi o znakomite gry na \u017cywo. Na czele tego grona stoj\u0105 takie firmy jak Microgaming, NetEnt, Evolution i wiele innych. Uznane na rynku i do\u015bwiadczone, wprowadzaj\u0105 one najwy\u017csze standardy w oferowanych grach.<\/p>\n\n\n\n<p>Jednym z godnych uwagi dostawc\u00f3w jest Microgaming. Jako pierwsza firma, kt\u00f3ra wprowadzi\u0142a do oferty kasyna online gry na \u017cywo, posiada w tej dziedzinie ponad dwie dekady do\u015bwiadczenia. Mo\u017cna za\u0142o\u017cy\u0107, \u017ce ta wiedza i praktyka przekazane s\u0105 firmie OnAir Entertainment &#8211; sp\u00f3\u0142ciodciorce Microgaming. Dostawcy tacy jak Quik Gaming oraz BetGamesTV stanowi\u0105 r\u00f3wnie\u017c istotn\u0105 cz\u0119\u015b\u0107 oferty gier na \u017cywo w Nomini Casino.<\/p>\n\n\n\n<p>Zdecydowana wi\u0119kszo\u015b\u0107 gier dost\u0119pna w Nomini Casino pochodzi od prze\u0142omowych dostawc\u00f3w gier, co gwarantuje szeroki wyb\u00f3r, najwy\u017csz\u0105 jako\u015b\u0107 oraz ci\u0105gle aktualizowany asortyment. Wi\u0119kszym mi\u0142o\u015bnikom kasyn na \u017cywo zapewne przypadn\u0105 do gustu takie gry jak blackjack na \u017cywo, baccarat, ko\u015bci oraz ruletka.<\/p>\n\n\n\n<p>Dla graczy preferuj\u0105cych poker, Nomini Casino oferuje wiele wariant\u00f3w tego popularnego rodzaju gier. Tytu\u0142y takie jak Aces &amp; Faces oraz Joker Poker to tylko niekt\u00f3re z nich. W Naszej ofercie znajduje si\u0119 r\u00f3wnie\u017c pewna liczba gier w stylu zdrapki, kt\u00f3re dostarcz\u0105 mi\u0142o\u015bnikom arcade-\u00f3wek wiele godzin zabawy.<\/p>\n\n\n\n<p>Podsumowuj\u0105c, we wsp\u00f3\u0142pracy z najlepszymi w bran\u017cy dostawcami gier, Nomini Casino oferuje r\u00f3\u017cnorodne i satysfakcjonuj\u0105ce do\u015bwiadczenia na \u017cywo dla wszystkich graczy, niezale\u017cnie od ich indywidualnych preferencji i poziomu do\u015bwiadczenia. Zapewniamy sta\u0142\u0105, warto\u015bciow\u0105 aktualizacj\u0119 gier dostarczan\u0105 przez naszych czo\u0142owych dostawc\u00f3w.<\/p>\n\n\n\n<h2 class=\"wp-block-heading\" id=\"conclusion\">Wniosek<\/h2>\n\n\n\n<p>Rozwa\u017caj\u0105c wszystko, co powiedzieli\u015bmy o kasynie Nomini, jeste\u015bmy przekonani, \u017ce jest to miejsce, kt\u00f3re zaspokoi nawet najbardziej wymagaj\u0105cych graczy. Znajd\u0105 tu co\u015b dla siebie zar\u00f3wno mi\u0142o\u015bnicy klasycznych gier kasynowych, jak i ci, kt\u00f3rzy szukaj\u0105 nowych dozna\u0144. Dzi\u0119ki wsp\u00f3\u0142pracy z renomowanymi dostawcami gier, Nomini oferuje szeroki wyb\u00f3r gier na \u017cywo, dost\u0119pnych na r\u00f3\u017cnych urz\u0105dzeniach mobilnych. Gry takie jak Dream Catcher czy Mega Wheel daj\u0105 zupe\u0142nie nowe do\u015bwiadczenia, kt\u00f3re s\u0105 jednymi z najbardziej po\u017c\u0105danych w bran\u017cy. Bez wzgl\u0119du na to, czy jeste\u015b do\u015bwiadczonym graczem, czy dopiero zaczynasz swoj\u0105 przygod\u0119 z kasynem, Nomini jest miejscem, kt\u00f3re warto odwiedzi\u0107.<\/p>\n\n\n\n<h2 class=\"wp-block-heading\" id=\"najczesciej-zadawane-pytania\">Najcz\u0119\u015bciej Zadawane Pytania<\/h2>\n\n\n\n<h3 class=\"wp-block-heading\" id=\"1-jakie-metody-p-atnosci-oferuje-kasyno-nomini\">1\ufe0f\u20e3 Jakie metody p\u0142atno\u015bci oferuje kasyno Nomini?<\/h3>\n\n\n\n<p>Kasyno Nomini oferuje wp\u0142aty i wyp\u0142aty za pomoc\u0105 tradycyjnych metod, takich jak karty p\u0142atnicze, PaySafeCard czy Skrill, ale tak\u017ce kryptowalut. Korzystanie z dowolnej metody p\u0142atno\u015bci jest bezp\u0142atne. Wp\u0142aty zazwyczaj s\u0105 zaksi\u0119gowane natychmiast, natomiast wyp\u0142aty trwaj\u0105 od 1 do 3 dni.<\/p>\n\n\n\n<h3 class=\"wp-block-heading\" id=\"2-czy-kasyno-nomini-oferuje-bonus-powitalny\">2\ufe0f\u20e3 Czy kasyno Nomini oferuje bonus powitalny?<\/h3>\n\n\n\n<p>Kasyno Nomini przygotowa\u0142o system bonus\u00f3w powitalnych w formie owoc\u00f3w. Do wyboru jest osiem rodzaj\u00f3w owoc\u00f3w, z kt\u00f3rych ka\u017cdy oferuje inny rodzaj bonusu. Bonusy mog\u0105 mie\u0107 form\u0119 procentu od depozytu, darmowych spin\u00f3w, cashbacku itp.<\/p>\n\n\n\n<h3 class=\"wp-block-heading\" id=\"3-czy-kasyno-nomini-oferuje-rozne-warianty-gier\">3\ufe0f\u20e3 Czy kasyno Nomini oferuje r\u00f3\u017cne warianty gier?<\/h3>\n\n\n\n<p>Kasyno Nomini oferuje r\u00f3\u017cnorodne warianty gier, takie jak ruletka francuska i europejska, blackjack na 60 sto\u0142ach oraz baccarat na 55 sto\u0142ach, w tym Dragon Tiger Live i Peek Baccarat.<\/p>\n\n\n\n<h3 class=\"wp-block-heading\" id=\"4-czy-kasyno-nomini-oferuje-gry-na-zywo\">4\ufe0f\u20e3 Czy kasyno Nomini oferuje gry na \u017cywo?<\/h3>\n\n\n\n<p>Tak, kasyno Nomini oferuje szeroki wyb\u00f3r gier na \u017cywo w swoim portfolio, w tym blackjack, baccarat, ko\u015bci, ruletk\u0119, poker oraz gry pokazowe.<\/p>\n\n\n\n<h3 class=\"wp-block-heading\" id=\"5-jak-szybko-kasyno-nomini-odpowiada-na-skargi\">5\ufe0f\u20e3 Jak szybko kasyno Nomini odpowiada na skargi?<\/h3>\n\n\n\n<p>Kasyno Nomini jest znane ze swojej szybkiej reakcji na skargi. \u015aredni czas odpowiedzi to zaledwie dwa dni.<\/p>\n\n\n\n<h3 class=\"wp-block-heading\" id=\"6-czy-moge-grac-w-kasynie-nomini-na-moim-urzadzeniu-mobilnym\">6\ufe0f\u20e3 Czy mog\u0119 gra\u0107 w kasynie Nomini na moim urz\u0105dzeniu mobilnym?<\/h3>\n\n\n\n<p>Tak, Nomini Casino jest kompatybilne z wi\u0119kszo\u015bci\u0105 smartfon\u00f3w i tablet\u00f3w, co oznacza, \u017ce mo\u017cesz gra\u0107 w swoje ulubione gry kasynowe gdziekolwiek jeste\u015b.<\/p>\n","protected":false},"excerpt":{"rendered":"<p>Zanurzmy si\u0119 w fascynuj\u0105cy \u015bwiat gier kasynowych z Nomini Casino. Znane z szerokiej gamy gier, od blackjacka po ruletk\u0119, Nomini Casino jest miejscem, kt\u00f3re zadowoli nawet najbardziej wymagaj\u0105cych graczy. Czy jeste\u015b fanem klasycznych gier sto\u0142owych, czy szukasz czego\u015b nowego, jak na przyk\u0142ad gier na \u017cywo, Nomini ma co\u015b dla ka\u017cdego. Nomini Casino wsp\u00f3\u0142pracuje z wieloma [&hellip;]<\/p>\n","protected":false},"author":3,"featured_media":0,"parent":43,"menu_order":0,"comment_status":"closed","ping_status":"closed","template":"","meta":{"footnotes":""},"class_list":["post-45","page","type-page","status-publish","hentry"],"blocksy_meta":{"has_hero_section":"default","page_structure_type":"type-3","content_style_source":"inherit","content_style":{"desktop":"wide","tablet":"wide","mobile":"wide"},"vertical_spacing_source":"inherit","content_area_spacing":"none","disable_featured_image":"yes","disable_share_box":"yes","styles_descriptor":{"styles":{"desktop":"","tablet":"","mobile":""},"google_fonts":[],"version":6}},"featured_image_urls":{"full":"","thumbnail":"","medium":"","medium_large":"","large":"","1536x1536":"","2048x2048":""},"post_excerpt_stackable":"<p>Zanurzmy si\u0119 w fascynuj\u0105cy \u015bwiat gier kasynowych z Nomini Casino. Znane z szerokiej gamy gier, od blackjacka po ruletk\u0119, Nomini Casino jest miejscem, kt\u00f3re zadowoli nawet najbardziej wymagaj\u0105cych graczy. Czy jeste\u015b fanem klasycznych gier sto\u0142owych, czy szukasz czego\u015b nowego, jak na przyk\u0142ad gier na \u017cywo, Nomini ma co\u015b dla ka\u017cdego. Nomini Casino wsp\u00f3\u0142pracuje z wieloma dostawcami oprogramowania, takimi jak Microgaming, NetEnt i Evolution, co gwarantuje r\u00f3\u017cnorodno\u015b\u0107 i jako\u015b\u0107 gier. W\u015br\u00f3d nich znajduj\u0105 si\u0119 popularne gry na \u017cywo, takie jak Dream Catcher, Mega Wheel i Music Wheel, kt\u00f3re wprowadzaj\u0105 zupe\u0142nie nowy wymiar do gier kasynowych. Oferuj\u0105c bonus powitalny do 1000 euro&hellip;<\/p>\n","category_list":"","author_info":{"name":"Aphex Team","url":"https:\/\/nomini.bet\/?author=3"},"comments_num":"0 comments","yoast_head":"<!-- This site is optimized with the Yoast SEO plugin v22.8 - https:\/\/yoast.com\/wordpress\/plugins\/seo\/ -->\n<title>Gry Kasynowe na \u017bywo | Nomini Casino<\/title>\n<meta name=\"description\" content=\"Do\u0142\u0105cz do Nomini Casino i ciesz si\u0119 emocjami gier kasynowych na \u017cywo. Graj z prawdziwymi krupierami!\" \/>\n<meta name=\"robots\" content=\"index, follow, max-snippet:-1, max-image-preview:large, max-video-preview:-1\" \/>\n<link rel=\"canonical\" href=\"https:\/\/nomini.bet\/?page_id=45\" \/>\n<meta property=\"og:locale\" content=\"pl_PL\" \/>\n<meta property=\"og:type\" content=\"article\" \/>\n<meta property=\"og:title\" content=\"Gry Kasynowe na \u017bywo | Nomini Casino\" \/>\n<meta property=\"og:description\" content=\"Do\u0142\u0105cz do Nomini Casino i ciesz si\u0119 emocjami gier kasynowych na \u017cywo. Graj z prawdziwymi krupierami!\" \/>\n<meta property=\"og:url\" content=\"https:\/\/nomini.bet\/?page_id=45\" \/>\n<meta property=\"og:site_name\" content=\"Nomini\" \/>\n<meta property=\"article:modified_time\" content=\"2024-06-06T16:50:25+00:00\" \/>\n<meta property=\"og:image\" content=\"https:\/\/nomini.bet\/wp-content\/uploads\/2024\/05\/live-casino1-1024x585.jpeg\" \/>\n<meta name=\"twitter:card\" content=\"summary_large_image\" \/>\n<meta name=\"twitter:label1\" content=\"Est. reading time\" \/>\n\t<meta name=\"twitter:data1\" content=\"8 minutes\" \/>\n<script type=\"application\/ld+json\" class=\"yoast-schema-graph\">{\"@context\":\"https:\/\/schema.org\",\"@graph\":[{\"@type\":\"WebPage\",\"@id\":\"https:\/\/nomini.bet\/?page_id=45\",\"url\":\"https:\/\/nomini.bet\/?page_id=45\",\"name\":\"Gry Kasynowe na \u017bywo | Nomini Casino\",\"isPartOf\":{\"@id\":\"https:\/\/nomini.bet\/#website\"},\"primaryImageOfPage\":{\"@id\":\"https:\/\/nomini.bet\/?page_id=45#primaryimage\"},\"image\":{\"@id\":\"https:\/\/nomini.bet\/?page_id=45#primaryimage\"},\"thumbnailUrl\":\"https:\/\/nomini.bet\/wp-content\/uploads\/2024\/05\/live-casino1-1024x585.jpeg\",\"datePublished\":\"2024-04-22T04:46:09+00:00\",\"dateModified\":\"2024-06-06T16:50:25+00:00\",\"description\":\"Do\u0142\u0105cz do Nomini Casino i ciesz si\u0119 emocjami gier kasynowych na \u017cywo. Graj z prawdziwymi krupierami!\",\"breadcrumb\":{\"@id\":\"https:\/\/nomini.bet\/?page_id=45#breadcrumb\"},\"inLanguage\":\"pl-PL\",\"potentialAction\":[{\"@type\":\"ReadAction\",\"target\":[\"https:\/\/nomini.bet\/?page_id=45\"]}]},{\"@type\":\"ImageObject\",\"inLanguage\":\"pl-PL\",\"@id\":\"https:\/\/nomini.bet\/?page_id=45#primaryimage\",\"url\":\"https:\/\/nomini.bet\/wp-content\/uploads\/2024\/05\/live-casino1.jpeg\",\"contentUrl\":\"https:\/\/nomini.bet\/wp-content\/uploads\/2024\/05\/live-casino1.jpeg\",\"width\":1792,\"height\":1024},{\"@type\":\"BreadcrumbList\",\"@id\":\"https:\/\/nomini.bet\/?page_id=45#breadcrumb\",\"itemListElement\":[{\"@type\":\"ListItem\",\"position\":1,\"name\":\"Home\",\"item\":\"https:\/\/nomini.bet\/\"},{\"@type\":\"ListItem\",\"position\":2,\"name\":\"Gry kasynowe\",\"item\":\"https:\/\/nomini.bet\/?page_id=43\"},{\"@type\":\"ListItem\",\"position\":3,\"name\":\"Gry kasynowe na \u017cywo\"}]},{\"@type\":\"WebSite\",\"@id\":\"https:\/\/nomini.bet\/#website\",\"url\":\"https:\/\/nomini.bet\/\",\"name\":\"Nomini\",\"description\":\"\",\"publisher\":{\"@id\":\"https:\/\/nomini.bet\/#organization\"},\"potentialAction\":[{\"@type\":\"SearchAction\",\"target\":{\"@type\":\"EntryPoint\",\"urlTemplate\":\"https:\/\/nomini.bet\/?s={search_term_string}\"},\"query-input\":\"required name=search_term_string\"}],\"inLanguage\":\"pl-PL\"},{\"@type\":\"Organization\",\"@id\":\"https:\/\/nomini.bet\/#organization\",\"name\":\"Nomini\",\"url\":\"https:\/\/nomini.bet\/\",\"logo\":{\"@type\":\"ImageObject\",\"inLanguage\":\"pl-PL\",\"@id\":\"https:\/\/nomini.bet\/#\/schema\/logo\/image\/\",\"url\":\"https:\/\/nomini.bet\/wp-content\/uploads\/2024\/04\/nomini-casino-logo-transparent-160x54.png.webp\",\"contentUrl\":\"https:\/\/nomini.bet\/wp-content\/uploads\/2024\/04\/nomini-casino-logo-transparent-160x54.png.webp\",\"width\":160,\"height\":54,\"caption\":\"Nomini\"},\"image\":{\"@id\":\"https:\/\/nomini.bet\/#\/schema\/logo\/image\/\"}}]}<\/script>\n<!-- \/ Yoast SEO plugin. -->","yoast_head_json":{"title":"Gry Kasynowe na \u017bywo | Nomini Casino","description":"Do\u0142\u0105cz do Nomini Casino i ciesz si\u0119 emocjami gier kasynowych na \u017cywo. Graj z prawdziwymi krupierami!","robots":{"index":"index","follow":"follow","max-snippet":"max-snippet:-1","max-image-preview":"max-image-preview:large","max-video-preview":"max-video-preview:-1"},"canonical":"https:\/\/nomini.bet\/?page_id=45","og_locale":"pl_PL","og_type":"article","og_title":"Gry Kasynowe na \u017bywo | Nomini Casino","og_description":"Do\u0142\u0105cz do Nomini Casino i ciesz si\u0119 emocjami gier kasynowych na \u017cywo. Graj z prawdziwymi krupierami!","og_url":"https:\/\/nomini.bet\/?page_id=45","og_site_name":"Nomini","article_modified_time":"2024-06-06T16:50:25+00:00","og_image":[{"url":"https:\/\/nomini.bet\/wp-content\/uploads\/2024\/05\/live-casino1-1024x585.jpeg"}],"twitter_card":"summary_large_image","twitter_misc":{"Est. reading time":"8 minutes"},"schema":{"@context":"https:\/\/schema.org","@graph":[{"@type":"WebPage","@id":"https:\/\/nomini.bet\/?page_id=45","url":"https:\/\/nomini.bet\/?page_id=45","name":"Gry Kasynowe na \u017bywo | Nomini Casino","isPartOf":{"@id":"https:\/\/nomini.bet\/#website"},"primaryImageOfPage":{"@id":"https:\/\/nomini.bet\/?page_id=45#primaryimage"},"image":{"@id":"https:\/\/nomini.bet\/?page_id=45#primaryimage"},"thumbnailUrl":"https:\/\/nomini.bet\/wp-content\/uploads\/2024\/05\/live-casino1-1024x585.jpeg","datePublished":"2024-04-22T04:46:09+00:00","dateModified":"2024-06-06T16:50:25+00:00","description":"Do\u0142\u0105cz do Nomini Casino i ciesz si\u0119 emocjami gier kasynowych na \u017cywo. Graj z prawdziwymi krupierami!","breadcrumb":{"@id":"https:\/\/nomini.bet\/?page_id=45#breadcrumb"},"inLanguage":"pl-PL","potentialAction":[{"@type":"ReadAction","target":["https:\/\/nomini.bet\/?page_id=45"]}]},{"@type":"ImageObject","inLanguage":"pl-PL","@id":"https:\/\/nomini.bet\/?page_id=45#primaryimage","url":"https:\/\/nomini.bet\/wp-content\/uploads\/2024\/05\/live-casino1.jpeg","contentUrl":"https:\/\/nomini.bet\/wp-content\/uploads\/2024\/05\/live-casino1.jpeg","width":1792,"height":1024},{"@type":"BreadcrumbList","@id":"https:\/\/nomini.bet\/?page_id=45#breadcrumb","itemListElement":[{"@type":"ListItem","position":1,"name":"Home","item":"https:\/\/nomini.bet\/"},{"@type":"ListItem","position":2,"name":"Gry kasynowe","item":"https:\/\/nomini.bet\/?page_id=43"},{"@type":"ListItem","position":3,"name":"Gry kasynowe na \u017cywo"}]},{"@type":"WebSite","@id":"https:\/\/nomini.bet\/#website","url":"https:\/\/nomini.bet\/","name":"Nomini","description":"","publisher":{"@id":"https:\/\/nomini.bet\/#organization"},"potentialAction":[{"@type":"SearchAction","target":{"@type":"EntryPoint","urlTemplate":"https:\/\/nomini.bet\/?s={search_term_string}"},"query-input":"required name=search_term_string"}],"inLanguage":"pl-PL"},{"@type":"Organization","@id":"https:\/\/nomini.bet\/#organization","name":"Nomini","url":"https:\/\/nomini.bet\/","logo":{"@type":"ImageObject","inLanguage":"pl-PL","@id":"https:\/\/nomini.bet\/#\/schema\/logo\/image\/","url":"https:\/\/nomini.bet\/wp-content\/uploads\/2024\/04\/nomini-casino-logo-transparent-160x54.png.webp","contentUrl":"https:\/\/nomini.bet\/wp-content\/uploads\/2024\/04\/nomini-casino-logo-transparent-160x54.png.webp","width":160,"height":54,"caption":"Nomini"},"image":{"@id":"https:\/\/nomini.bet\/#\/schema\/logo\/image\/"}}]}},"_links":{"self":[{"href":"https:\/\/nomini.bet\/index.php?rest_route=\/wp\/v2\/pages\/45","targetHints":{"allow":["GET"]}}],"collection":[{"href":"https:\/\/nomini.bet\/index.php?rest_route=\/wp\/v2\/pages"}],"about":[{"href":"https:\/\/nomini.bet\/index.php?rest_route=\/wp\/v2\/types\/page"}],"author":[{"embeddable":true,"href":"https:\/\/nomini.bet\/index.php?rest_route=\/wp\/v2\/users\/3"}],"replies":[{"embeddable":true,"href":"https:\/\/nomini.bet\/index.php?rest_route=%2Fwp%2Fv2%2Fcomments&post=45"}],"version-history":[{"count":0,"href":"https:\/\/nomini.bet\/index.php?rest_route=\/wp\/v2\/pages\/45\/revisions"}],"up":[{"embeddable":true,"href":"https:\/\/nomini.bet\/index.php?rest_route=\/wp\/v2\/pages\/43"}],"wp:attachment":[{"href":"https:\/\/nomini.bet\/index.php?rest_route=%2Fwp%2Fv2%2Fmedia&parent=45"}],"curies":[{"name":"wp","href":"https:\/\/api.w.org\/{rel}","templated":true}]}}