{"id":43,"date":"2024-04-22T04:51:40","date_gmt":"2024-04-22T04:51:40","guid":{"rendered":"https:\/\/nomini.bet\/?page_id=43"},"modified":"2024-06-11T09:49:50","modified_gmt":"2024-06-11T09:49:50","slug":"games","status":"publish","type":"page","link":"https:\/\/nomini.bet\/?page_id=43","title":{"rendered":"Gry kasynowe"},"content":{"rendered":"\n<p>Nomini Casino oferuje ogromny i r\u00f3\u017cnorodny wyb\u00f3r gier, zaspokajaj\u0105c potrzeby wszystkich typ\u00f3w graczy. Od automat\u00f3w do gier sto\u0142owych i do\u015bwiadcze\u0144 z krupierem na \u017cywo, Nomini zapewnia, \u017ce ka\u017cdy gracz znajdzie co\u015b dla siebie. Oto szczeg\u00f3\u0142owy przegl\u0105d tego, czego mo\u017cesz si\u0119 spodziewa\u0107, wchodz\u0105c w \u015bwiat gier Nomini Casino.<\/p>\n\n\n\n<h4 class=\"wp-block-heading\">Gry Slotowe \ud83c\udfb0<\/h4>\n\n\n\n<p>Nomini Casino to raj dla mi\u0142o\u015bnik\u00f3w automat\u00f3w, oferuj\u0105c ponad 4,500 r\u00f3\u017cnych slot\u00f3w. R\u00f3\u017cnorodno\u015b\u0107 jest ogromna, obejmuj\u0105c gry od renomowanych deweloper\u00f3w, takich jak NetEnt, Play\u2019n GO, Evolution Gaming, Quickspin i Betsoft. Ta imponuj\u0105ca oferta jest mo\u017cliwa dzi\u0119ki wsp\u00f3\u0142pracy z 32 r\u00f3\u017cnymi dostawcami, co gwarantuje zar\u00f3wno popularne, jak i unikalne tytu\u0142y.<\/p>\n\n\n\n<p><strong>Popularne Tytu\u0142y Slot\u00f3w:<\/strong><\/p>\n\n\n\n<ul class=\"wp-block-list\">\n<li><strong>Book of Dead<\/strong><\/li>\n\n\n\n<li><strong>Starburst<\/strong><\/li>\n\n\n\n<li><strong>Reel Rush<\/strong><\/li>\n\n\n\n<li><strong>Reactoonz<\/strong><\/li>\n<\/ul>\n\n\n\n<p><strong>Ekskluzywne Sloty:<\/strong><\/p>\n\n\n\n<ul class=\"wp-block-list\">\n<li><strong>Sweet Bonanza<\/strong><\/li>\n\n\n\n<li><strong>Big Bamboo<\/strong><\/li>\n\n\n\n<li><strong>Ecuador Gold<\/strong><\/li>\n\n\n\n<li><strong>Fruit Shop<\/strong><\/li>\n<\/ul>\n\n\n\n<p><strong>Sloty z Funkcj\u0105 Zakupu Bonus\u00f3w:<\/strong><\/p>\n\n\n\n<ul class=\"wp-block-list\">\n<li><strong>Money Train 2<\/strong><\/li>\n\n\n\n<li><strong>Gems Bonanza<\/strong><\/li>\n\n\n\n<li><strong>Dead or Alive 2<\/strong><\/li>\n<\/ul>\n\n\n\n<h4 class=\"wp-block-heading\">Gry Sto\u0142owe \ud83c\udccf<\/h4>\n\n\n\n<p>Sekcja gier sto\u0142owych w Nomini Casino jest r\u00f3wnie imponuj\u0105ca, oferuj\u0105c szeroki wyb\u00f3r klasycznych gier i ich nowoczesnych wariant\u00f3w. Niezale\u017cnie od tego, czy preferujesz blackjacka, ruletk\u0119, pokera czy bakarata, Nomini ma co\u015b dla Ciebie.<\/p>\n\n\n\n<p><strong>Warianty Ruletki:<\/strong><\/p>\n\n\n\n<ul class=\"wp-block-list\">\n<li>Ruletka Europejska<\/li>\n\n\n\n<li>Ruletka Francuska<\/li>\n\n\n\n<li>Ruletka Ameryka\u0144ska<\/li>\n\n\n\n<li>Ruletka B\u0142yskawiczna<\/li>\n<\/ul>\n\n\n\n<p><strong>Warianty Blackjacka:<\/strong><\/p>\n\n\n\n<ul class=\"wp-block-list\">\n<li>Klasyczny Blackjack<\/li>\n\n\n\n<li>Multihand Blackjack<\/li>\n\n\n\n<li>Blackjack Gold Series<\/li>\n<\/ul>\n\n\n\n<p><strong>Warianty Bakarata:<\/strong><\/p>\n\n\n\n<ul class=\"wp-block-list\">\n<li>Mini Baccarat<\/li>\n\n\n\n<li>Speed Baccarat<\/li>\n\n\n\n<li>Baccarat Deluxe<\/li>\n<\/ul>\n\n\n\n<p><strong>Warianty Pokera:<\/strong><\/p>\n\n\n\n<ul class=\"wp-block-list\">\n<li>Poker Karaibski<\/li>\n\n\n\n<li>Casino Stud Poker<\/li>\n\n\n\n<li>Texas Hold\u2019em Poker<\/li>\n\n\n\n<li>Joker Poker<\/li>\n<\/ul>\n\n\n\n<div class=\"wp-block-stackable-image stk-block-image stk-block stk-54ca753\" data-block-id=\"54ca753\"><figure><span class=\"stk-img-wrapper stk-image--shape-stretch\"><img loading=\"lazy\" decoding=\"async\" class=\"stk-img wp-image-217\" src=\"https:\/\/nomini.bet\/wp-content\/uploads\/2024\/06\/pikaso_texttoimage_3d-model-Casino-games-figure-octane-render-volumet-1.jpeg\" width=\"1216\" height=\"832\" srcset=\"https:\/\/nomini.bet\/wp-content\/uploads\/2024\/06\/pikaso_texttoimage_3d-model-Casino-games-figure-octane-render-volumet-1.jpeg 1216w, https:\/\/nomini.bet\/wp-content\/uploads\/2024\/06\/pikaso_texttoimage_3d-model-Casino-games-figure-octane-render-volumet-1-300x205.jpeg 300w, https:\/\/nomini.bet\/wp-content\/uploads\/2024\/06\/pikaso_texttoimage_3d-model-Casino-games-figure-octane-render-volumet-1-1024x701.jpeg 1024w, https:\/\/nomini.bet\/wp-content\/uploads\/2024\/06\/pikaso_texttoimage_3d-model-Casino-games-figure-octane-render-volumet-1-768x525.jpeg 768w\" sizes=\"auto, (max-width: 1216px) 100vw, 1216px\" \/><\/span><\/figure><\/div>\n\n\n\n<h4 class=\"wp-block-heading\">Gry z Krupierem na \u017bywo \ud83c\udfa5<\/h4>\n\n\n\n<p>Dla tych, kt\u00f3rzy ceni\u0105 sobie emocje zwi\u0105zane z grami na \u017cywo, Nomini Casino oferuje solidn\u0105 sekcj\u0119 gier z krupierem na \u017cywo. Obejmuje to na \u017cywo wersje wszystkich popularnych gier sto\u0142owych, pozwalaj\u0105c graczom na interakcj\u0119 z prawdziwymi krupierami w czasie rzeczywistym.<\/p>\n\n\n\n<p><strong>Gry Kasynowe na \u017bywo:<\/strong><\/p>\n\n\n\n<ul class=\"wp-block-list\">\n<li>Ruletka na \u017bywo<\/li>\n\n\n\n<li>Blackjack na \u017bywo<\/li>\n\n\n\n<li>Bakarat na \u017bywo<\/li>\n\n\n\n<li>Poker na \u017bywo<\/li>\n\n\n\n<li>Dream Catcher<\/li>\n\n\n\n<li>Monopoly Live<\/li>\n<\/ul>\n\n\n\n<h4 class=\"wp-block-heading\">Gry Wirtualne \ud83c\udfae<\/h4>\n\n\n\n<p>Sekcja gier wirtualnych w Nomini Casino obejmuje szeroki wachlarz automat\u00f3w online nap\u0119dzanych przez gigant\u00f3w bran\u017cy, takich jak NetEnt, Red Tiger Gaming i Pragmatic Play. Te gry oferuj\u0105 wysokiej jako\u015bci grafik\u0119 i anga\u017cuj\u0105c\u0105 rozgrywk\u0119.<\/p>\n\n\n\n<p><strong>Popularne Sloty Wirtualne:<\/strong><\/p>\n\n\n\n<ul class=\"wp-block-list\">\n<li>Starburst<\/li>\n\n\n\n<li>Wolf Gold<\/li>\n\n\n\n<li>Pirates\u2019 Plenty<\/li>\n\n\n\n<li>Mystic Mirror<\/li>\n<\/ul>\n\n\n\n<h4 class=\"wp-block-heading\">Gry Mobilne \ud83d\udcf1<\/h4>\n\n\n\n<p>Nomini Casino zapewnia, \u017ce gracze mog\u0105 cieszy\u0107 si\u0119 swoimi ulubionymi grami w podr\u00f3\u017cy. Kasyno wspiera praktycznie wszystkie urz\u0105dzenia mobilne, w tym iOS i Android, bez potrzeby pobierania dodatkowych aplikacji. Selekcja gier mobilnych jest stale rozszerzana, aby zapewni\u0107 p\u0142ynne do\u015bwiadczenie.<\/p>\n\n\n\n<h4 class=\"wp-block-heading\">Turnieje \ud83c\udfc6<\/h4>\n\n\n\n<p>Nomini Casino oferuje ekscytuj\u0105ce turnieje, w kt\u00f3rych gracze mog\u0105 rywalizowa\u0107 o wielkie nagrody. Turnieje to doskona\u0142y spos\u00f3b na cieszenie si\u0119 emocjami rywalizacji i wygrywanie nagr\u00f3d.<\/p>\n\n\n\n<p><strong>Rodzaje Turniej\u00f3w:<\/strong><\/p>\n\n\n\n<ul class=\"wp-block-list\">\n<li><strong>Turnieje Slotowe<\/strong>: Rywalizuj w popularnych grach slotowych, zdobywaj miejsca na tablicy wynik\u00f3w i wygrywaj nagrody.<\/li>\n\n\n\n<li><strong>Codzienne Drops &amp; Wins<\/strong>: We\u017a udzia\u0142 w codziennych wyzwaniach i wygrywaj dodatkowe nagrody.<\/li>\n\n\n\n<li><strong>Tygodniowe Rozgrywki<\/strong>: Do\u0142\u0105cz do tygodniowych turniej\u00f3w z r\u00f3\u017cnorodnymi grami i du\u017cymi pulami nagr\u00f3d.<\/li>\n<\/ul>\n\n\n\n<p>Ka\u017cdy turniej ma specyficzne warunki, dlatego wa\u017cne jest, aby przed udzia\u0142em przeczyta\u0107 zasady.<\/p>\n\n\n\n<h4 class=\"wp-block-heading\">Bezpiecze\u0144stwo i Uczciwo\u015b\u0107 \ud83d\udd12<\/h4>\n\n\n\n<p>Nomini Casino bardzo powa\u017cnie podchodzi do bezpiecze\u0144stwa graczy, stosuj\u0105c szyfrowanie SSL w celu ochrony wszystkich danych. Gry s\u0105 regularnie audytowane, aby zapewni\u0107 uczciwo\u015b\u0107 i losowo\u015b\u0107, co zapewnia godne zaufania \u015brodowisko do gry.<\/p>\n\n\n\n<h3 class=\"wp-block-heading\">Podsumowanie<\/h3>\n\n\n\n<p>Nomini Casino wyr\u00f3\u017cnia si\u0119 szerok\u0105 bibliotek\u0105 gier, obejmuj\u0105c\u0105 tysi\u0105ce automat\u00f3w oraz r\u00f3\u017cnorodne gry sto\u0142owe i z krupierem na \u017cywo. Kasyno wspiera gry mobilne i oferuje ekscytuj\u0105ce turnieje, zapewniaj\u0105c anga\u017cuj\u0105ce i satysfakcjonuj\u0105ce do\u015bwiadczenie dla wszystkich graczy.<\/p>\n\n\n\n<p>Odkryj kolorowy i dynamiczny \u015bwiat Nomini Casino ju\u017c dzi\u015b i znajd\u017a swoje ulubione gry w\u015br\u00f3d ich ogromnej oferty! \ud83c\udf89<\/p>\n","protected":false},"excerpt":{"rendered":"<p>Nomini Casino oferuje ogromny i r\u00f3\u017cnorodny wyb\u00f3r gier, zaspokajaj\u0105c potrzeby wszystkich typ\u00f3w graczy. Od automat\u00f3w do gier sto\u0142owych i do\u015bwiadcze\u0144 z krupierem na \u017cywo, Nomini zapewnia, \u017ce ka\u017cdy gracz znajdzie co\u015b dla siebie. Oto szczeg\u00f3\u0142owy przegl\u0105d tego, czego mo\u017cesz si\u0119 spodziewa\u0107, wchodz\u0105c w \u015bwiat gier Nomini Casino. Gry Slotowe \ud83c\udfb0 Nomini Casino to raj dla [&hellip;]<\/p>\n","protected":false},"author":3,"featured_media":0,"parent":0,"menu_order":0,"comment_status":"closed","ping_status":"closed","template":"","meta":{"footnotes":""},"class_list":["post-43","page","type-page","status-publish","hentry"],"blocksy_meta":{"has_hero_section":"default","page_structure_type":"default","content_style_source":"inherit","content_style":{"desktop":"wide","tablet":"wide","mobile":"wide"},"vertical_spacing_source":"inherit","content_area_spacing":"none","disable_featured_image":"yes","disable_share_box":"yes","styles_descriptor":{"styles":{"desktop":"","tablet":"","mobile":""},"google_fonts":[],"version":6}},"featured_image_urls":{"full":"","thumbnail":"","medium":"","medium_large":"","large":"","1536x1536":"","2048x2048":""},"post_excerpt_stackable":"<p>Nomini Casino oferuje ogromny i r\u00f3\u017cnorodny wyb\u00f3r gier, zaspokajaj\u0105c potrzeby wszystkich typ\u00f3w graczy. Od automat\u00f3w do gier sto\u0142owych i do\u015bwiadcze\u0144 z krupierem na \u017cywo, Nomini zapewnia, \u017ce ka\u017cdy gracz znajdzie co\u015b dla siebie. Oto szczeg\u00f3\u0142owy przegl\u0105d tego, czego mo\u017cesz si\u0119 spodziewa\u0107, wchodz\u0105c w \u015bwiat gier Nomini Casino. Gry Slotowe \ud83c\udfb0 Nomini Casino to raj dla mi\u0142o\u015bnik\u00f3w automat\u00f3w, oferuj\u0105c ponad 4,500 r\u00f3\u017cnych slot\u00f3w. R\u00f3\u017cnorodno\u015b\u0107 jest ogromna, obejmuj\u0105c gry od renomowanych deweloper\u00f3w, takich jak NetEnt, Play\u2019n GO, Evolution Gaming, Quickspin i Betsoft. Ta imponuj\u0105ca oferta jest mo\u017cliwa dzi\u0119ki wsp\u00f3\u0142pracy z 32 r\u00f3\u017cnymi dostawcami, co gwarantuje zar\u00f3wno popularne, jak i unikalne tytu\u0142y. Popularne&hellip;<\/p>\n","category_list":"","author_info":{"name":"Aphex Team","url":"https:\/\/nomini.bet\/?author=3"},"comments_num":"0 comments","yoast_head":"<!-- This site is optimized with the Yoast SEO plugin v22.8 - https:\/\/yoast.com\/wordpress\/plugins\/seo\/ -->\n<title>Gry Kasynowe | Nomini Casino<\/title>\n<meta name=\"description\" content=\"Odkryj szerok\u0105 gam\u0119 gier kasynowych w Nomini Casino. Zarejestruj si\u0119 i zagraj teraz!\" \/>\n<meta name=\"robots\" content=\"index, follow, max-snippet:-1, max-image-preview:large, max-video-preview:-1\" \/>\n<link rel=\"canonical\" href=\"https:\/\/nomini.bet\/?page_id=43\" \/>\n<meta property=\"og:locale\" content=\"pl_PL\" \/>\n<meta property=\"og:type\" content=\"article\" \/>\n<meta property=\"og:title\" content=\"Gry Kasynowe | Nomini Casino\" \/>\n<meta property=\"og:description\" content=\"Odkryj szerok\u0105 gam\u0119 gier kasynowych w Nomini Casino. Zarejestruj si\u0119 i zagraj teraz!\" \/>\n<meta property=\"og:url\" content=\"https:\/\/nomini.bet\/?page_id=43\" \/>\n<meta property=\"og:site_name\" content=\"Nomini\" \/>\n<meta property=\"article:modified_time\" content=\"2024-06-11T09:49:50+00:00\" \/>\n<meta property=\"og:image\" content=\"https:\/\/nomini.bet\/wp-content\/uploads\/2024\/06\/pikaso_texttoimage_3d-model-Casino-games-figure-octane-render-volumet-1.jpeg\" \/>\n<meta name=\"twitter:card\" content=\"summary_large_image\" \/>\n<meta name=\"twitter:label1\" content=\"Est. reading time\" \/>\n\t<meta name=\"twitter:data1\" content=\"3 minutes\" \/>\n<script type=\"application\/ld+json\" class=\"yoast-schema-graph\">{\"@context\":\"https:\/\/schema.org\",\"@graph\":[{\"@type\":\"WebPage\",\"@id\":\"https:\/\/nomini.bet\/?page_id=43\",\"url\":\"https:\/\/nomini.bet\/?page_id=43\",\"name\":\"Gry Kasynowe | Nomini Casino\",\"isPartOf\":{\"@id\":\"https:\/\/nomini.bet\/#website\"},\"primaryImageOfPage\":{\"@id\":\"https:\/\/nomini.bet\/?page_id=43#primaryimage\"},\"image\":{\"@id\":\"https:\/\/nomini.bet\/?page_id=43#primaryimage\"},\"thumbnailUrl\":\"https:\/\/nomini.bet\/wp-content\/uploads\/2024\/06\/pikaso_texttoimage_3d-model-Casino-games-figure-octane-render-volumet-1.jpeg\",\"datePublished\":\"2024-04-22T04:51:40+00:00\",\"dateModified\":\"2024-06-11T09:49:50+00:00\",\"description\":\"Odkryj szerok\u0105 gam\u0119 gier kasynowych w Nomini Casino. Zarejestruj si\u0119 i zagraj teraz!\",\"breadcrumb\":{\"@id\":\"https:\/\/nomini.bet\/?page_id=43#breadcrumb\"},\"inLanguage\":\"pl-PL\",\"potentialAction\":[{\"@type\":\"ReadAction\",\"target\":[\"https:\/\/nomini.bet\/?page_id=43\"]}]},{\"@type\":\"ImageObject\",\"inLanguage\":\"pl-PL\",\"@id\":\"https:\/\/nomini.bet\/?page_id=43#primaryimage\",\"url\":\"https:\/\/nomini.bet\/wp-content\/uploads\/2024\/06\/pikaso_texttoimage_3d-model-Casino-games-figure-octane-render-volumet-1.jpeg\",\"contentUrl\":\"https:\/\/nomini.bet\/wp-content\/uploads\/2024\/06\/pikaso_texttoimage_3d-model-Casino-games-figure-octane-render-volumet-1.jpeg\",\"width\":1216,\"height\":832},{\"@type\":\"BreadcrumbList\",\"@id\":\"https:\/\/nomini.bet\/?page_id=43#breadcrumb\",\"itemListElement\":[{\"@type\":\"ListItem\",\"position\":1,\"name\":\"Home\",\"item\":\"https:\/\/nomini.bet\/\"},{\"@type\":\"ListItem\",\"position\":2,\"name\":\"Gry kasynowe\"}]},{\"@type\":\"WebSite\",\"@id\":\"https:\/\/nomini.bet\/#website\",\"url\":\"https:\/\/nomini.bet\/\",\"name\":\"Nomini\",\"description\":\"\",\"publisher\":{\"@id\":\"https:\/\/nomini.bet\/#organization\"},\"potentialAction\":[{\"@type\":\"SearchAction\",\"target\":{\"@type\":\"EntryPoint\",\"urlTemplate\":\"https:\/\/nomini.bet\/?s={search_term_string}\"},\"query-input\":\"required name=search_term_string\"}],\"inLanguage\":\"pl-PL\"},{\"@type\":\"Organization\",\"@id\":\"https:\/\/nomini.bet\/#organization\",\"name\":\"Nomini\",\"url\":\"https:\/\/nomini.bet\/\",\"logo\":{\"@type\":\"ImageObject\",\"inLanguage\":\"pl-PL\",\"@id\":\"https:\/\/nomini.bet\/#\/schema\/logo\/image\/\",\"url\":\"https:\/\/nomini.bet\/wp-content\/uploads\/2024\/04\/nomini-casino-logo-transparent-160x54.png.webp\",\"contentUrl\":\"https:\/\/nomini.bet\/wp-content\/uploads\/2024\/04\/nomini-casino-logo-transparent-160x54.png.webp\",\"width\":160,\"height\":54,\"caption\":\"Nomini\"},\"image\":{\"@id\":\"https:\/\/nomini.bet\/#\/schema\/logo\/image\/\"}}]}<\/script>\n<!-- \/ Yoast SEO plugin. -->","yoast_head_json":{"title":"Gry Kasynowe | Nomini Casino","description":"Odkryj szerok\u0105 gam\u0119 gier kasynowych w Nomini Casino. Zarejestruj si\u0119 i zagraj teraz!","robots":{"index":"index","follow":"follow","max-snippet":"max-snippet:-1","max-image-preview":"max-image-preview:large","max-video-preview":"max-video-preview:-1"},"canonical":"https:\/\/nomini.bet\/?page_id=43","og_locale":"pl_PL","og_type":"article","og_title":"Gry Kasynowe | Nomini Casino","og_description":"Odkryj szerok\u0105 gam\u0119 gier kasynowych w Nomini Casino. Zarejestruj si\u0119 i zagraj teraz!","og_url":"https:\/\/nomini.bet\/?page_id=43","og_site_name":"Nomini","article_modified_time":"2024-06-11T09:49:50+00:00","og_image":[{"url":"https:\/\/nomini.bet\/wp-content\/uploads\/2024\/06\/pikaso_texttoimage_3d-model-Casino-games-figure-octane-render-volumet-1.jpeg"}],"twitter_card":"summary_large_image","twitter_misc":{"Est. reading time":"3 minutes"},"schema":{"@context":"https:\/\/schema.org","@graph":[{"@type":"WebPage","@id":"https:\/\/nomini.bet\/?page_id=43","url":"https:\/\/nomini.bet\/?page_id=43","name":"Gry Kasynowe | Nomini Casino","isPartOf":{"@id":"https:\/\/nomini.bet\/#website"},"primaryImageOfPage":{"@id":"https:\/\/nomini.bet\/?page_id=43#primaryimage"},"image":{"@id":"https:\/\/nomini.bet\/?page_id=43#primaryimage"},"thumbnailUrl":"https:\/\/nomini.bet\/wp-content\/uploads\/2024\/06\/pikaso_texttoimage_3d-model-Casino-games-figure-octane-render-volumet-1.jpeg","datePublished":"2024-04-22T04:51:40+00:00","dateModified":"2024-06-11T09:49:50+00:00","description":"Odkryj szerok\u0105 gam\u0119 gier kasynowych w Nomini Casino. Zarejestruj si\u0119 i zagraj teraz!","breadcrumb":{"@id":"https:\/\/nomini.bet\/?page_id=43#breadcrumb"},"inLanguage":"pl-PL","potentialAction":[{"@type":"ReadAction","target":["https:\/\/nomini.bet\/?page_id=43"]}]},{"@type":"ImageObject","inLanguage":"pl-PL","@id":"https:\/\/nomini.bet\/?page_id=43#primaryimage","url":"https:\/\/nomini.bet\/wp-content\/uploads\/2024\/06\/pikaso_texttoimage_3d-model-Casino-games-figure-octane-render-volumet-1.jpeg","contentUrl":"https:\/\/nomini.bet\/wp-content\/uploads\/2024\/06\/pikaso_texttoimage_3d-model-Casino-games-figure-octane-render-volumet-1.jpeg","width":1216,"height":832},{"@type":"BreadcrumbList","@id":"https:\/\/nomini.bet\/?page_id=43#breadcrumb","itemListElement":[{"@type":"ListItem","position":1,"name":"Home","item":"https:\/\/nomini.bet\/"},{"@type":"ListItem","position":2,"name":"Gry kasynowe"}]},{"@type":"WebSite","@id":"https:\/\/nomini.bet\/#website","url":"https:\/\/nomini.bet\/","name":"Nomini","description":"","publisher":{"@id":"https:\/\/nomini.bet\/#organization"},"potentialAction":[{"@type":"SearchAction","target":{"@type":"EntryPoint","urlTemplate":"https:\/\/nomini.bet\/?s={search_term_string}"},"query-input":"required name=search_term_string"}],"inLanguage":"pl-PL"},{"@type":"Organization","@id":"https:\/\/nomini.bet\/#organization","name":"Nomini","url":"https:\/\/nomini.bet\/","logo":{"@type":"ImageObject","inLanguage":"pl-PL","@id":"https:\/\/nomini.bet\/#\/schema\/logo\/image\/","url":"https:\/\/nomini.bet\/wp-content\/uploads\/2024\/04\/nomini-casino-logo-transparent-160x54.png.webp","contentUrl":"https:\/\/nomini.bet\/wp-content\/uploads\/2024\/04\/nomini-casino-logo-transparent-160x54.png.webp","width":160,"height":54,"caption":"Nomini"},"image":{"@id":"https:\/\/nomini.bet\/#\/schema\/logo\/image\/"}}]}},"_links":{"self":[{"href":"https:\/\/nomini.bet\/index.php?rest_route=\/wp\/v2\/pages\/43","targetHints":{"allow":["GET"]}}],"collection":[{"href":"https:\/\/nomini.bet\/index.php?rest_route=\/wp\/v2\/pages"}],"about":[{"href":"https:\/\/nomini.bet\/index.php?rest_route=\/wp\/v2\/types\/page"}],"author":[{"embeddable":true,"href":"https:\/\/nomini.bet\/index.php?rest_route=\/wp\/v2\/users\/3"}],"replies":[{"embeddable":true,"href":"https:\/\/nomini.bet\/index.php?rest_route=%2Fwp%2Fv2%2Fcomments&post=43"}],"version-history":[{"count":0,"href":"https:\/\/nomini.bet\/index.php?rest_route=\/wp\/v2\/pages\/43\/revisions"}],"wp:attachment":[{"href":"https:\/\/nomini.bet\/index.php?rest_route=%2Fwp%2Fv2%2Fmedia&parent=43"}],"curies":[{"name":"wp","href":"https:\/\/api.w.org\/{rel}","templated":true}]}}