{"id":179,"date":"2024-04-30T11:47:26","date_gmt":"2024-04-30T11:47:26","guid":{"rendered":"https:\/\/nomini.bet\/?page_id=179"},"modified":"2024-06-11T09:55:59","modified_gmt":"2024-06-11T09:55:59","slug":"vip","status":"publish","type":"page","link":"https:\/\/nomini.bet\/?page_id=179","title":{"rendered":"Korzy\u015bci z bycia VIP-em w Nomini Casino"},"content":{"rendered":"\n<p>Do\u0142\u0105czenie do programu VIP w Nomini Casino odblokowuje \u015bwiat ekskluzywnych korzy\u015bci zaprojektowanych, aby poprawi\u0107 Twoje wra\u017cenia z gry i nagrodzi\u0107 Twoj\u0105 lojalno\u015b\u0107. Jako cz\u0142onek VIP zyskujesz dost\u0119p do r\u00f3\u017cnorodnych korzy\u015bci premium, o kt\u00f3rych zwykli gracze mog\u0105 tylko marzy\u0107:<\/p>\n\n\n\n<ul class=\"wp-block-list\">\n<li><strong>Ekskluzywne bonusy:<\/strong> Ciesz si\u0119 dostosowanymi do indywidualnych potrzeb ofertami bonusowymi, w tym wy\u017cszymi procentami przy dopasowaniu depozytu, wi\u0119ksz\u0105 liczb\u0105 darmowych spin\u00f3w i wyj\u0105tkowymi promocjami dostosowanymi do Twoich preferencji w grach.<\/li>\n\n\n\n<li><strong>Wy\u017csze limity wyp\u0142at<\/strong>: Jako VIP mo\u017cesz szybciej wyp\u0142aci\u0107 wi\u0119cej swoich wygranych dzi\u0119ki zwi\u0119kszonym limitom wyp\u0142at. Oznacza to wi\u0119cej got\u00f3wki w Twojej kieszeni, kiedy tylko jej potrzebujesz.<\/li>\n\n\n\n<li><strong>Mened\u017cer konta osobistego<\/strong>: Skorzystaj z leczenia w bia\u0142ych r\u0119kawiczkach u swojego dedykowanego mened\u017cera konta. Ta osoba b\u0119dzie Twoim g\u0142\u00f3wnym punktem kontaktowym we wszystkich Twoich potrzebach, od dokonywania wp\u0142at po zrozumienie nowych promocji i rozwi\u0105zywanie wszelkich problem\u00f3w.<\/li>\n\n\n\n<li><strong>Priorytetowa obs\u0142uga klienta<\/strong>: Omi\u0144 kolejk\u0119 i uzyskaj dost\u0119p do kana\u0142\u00f3w obs\u0142ugi klienta tylko dla VIP-\u00f3w. Szybsze reakcje i specjalistyczna uwaga sprawiaj\u0105, \u017ce rozgrywka nigdy nie zostanie zak\u0142\u00f3cona na d\u0142u\u017cej.<\/li>\n\n\n\n<li><strong>Specjalne wydarzenia i prezenty:<\/strong> Zdob\u0105d\u017a ekskluzywny wst\u0119p na wydarzenia tylko dla VIP-\u00f3w i otrzymuj spersonalizowane prezenty, kt\u00f3re upami\u0119tni\u0105 Twoje kamienie milowe i specjalne okazje. Niezale\u017cnie od tego, czy s\u0105 to Twoje urodziny, rocznica czy festiwal, dbamy o to, aby by\u0142o to niezapomniane.<\/li>\n\n\n\n<li><strong>Wy\u017csze limity zak\u0142ad\u00f3w:<\/strong>Podnie\u015b poziom swojej gry dzi\u0119ki wy\u017cszym limitom zak\u0142ad\u00f3w, dzi\u0119ki czemu mo\u017cesz podejmowa\u0107 wi\u0119ksze ryzyko w zamian za wi\u0119ksze nagrody.<\/li>\n<\/ul>\n\n\n\n<div class=\"wp-block-stackable-image stk-block-image stk-block stk-5541201\" data-block-id=\"5541201\"><figure><span class=\"stk-img-wrapper stk-image--shape-stretch\"><img loading=\"lazy\" decoding=\"async\" class=\"stk-img wp-image-225\" src=\"https:\/\/nomini.bet\/wp-content\/uploads\/2024\/06\/pikaso_texttoimage_3d-model-Casino-Vip-figure-octane-render-volumetri-1.jpeg\" width=\"1216\" height=\"832\" srcset=\"https:\/\/nomini.bet\/wp-content\/uploads\/2024\/06\/pikaso_texttoimage_3d-model-Casino-Vip-figure-octane-render-volumetri-1.jpeg 1216w, https:\/\/nomini.bet\/wp-content\/uploads\/2024\/06\/pikaso_texttoimage_3d-model-Casino-Vip-figure-octane-render-volumetri-1-300x205.jpeg 300w, https:\/\/nomini.bet\/wp-content\/uploads\/2024\/06\/pikaso_texttoimage_3d-model-Casino-Vip-figure-octane-render-volumetri-1-1024x701.jpeg 1024w, https:\/\/nomini.bet\/wp-content\/uploads\/2024\/06\/pikaso_texttoimage_3d-model-Casino-Vip-figure-octane-render-volumetri-1-768x525.jpeg 768w\" sizes=\"auto, (max-width: 1216px) 100vw, 1216px\" \/><\/span><\/figure><\/div>\n\n\n\n<h2 class=\"wp-block-heading has-medium-font-size\">Jak zosta\u0107 VIP-em<\/h2>\n\n\n\n<p>Zostanie VIP-em w Nomini Casino jest proste i przejrzyste, a jego celem jest nagrodzenie Twojego zaanga\u017cowania i gry:<\/p>\n\n\n\n<ul class=\"wp-block-list\">\n<li><strong>Zdobywanie punkt\u00f3w:<\/strong>Po prostu zacznij gra\u0107! Zdobywasz punkty za ka\u017cd\u0105 gr\u0119, w kt\u00f3r\u0105 grasz, a wi\u0119cej punkt\u00f3w gromadzisz za wy\u017csze stawki i d\u0142u\u017csze sesje gry. Im wi\u0119cej grasz, tym szybciej si\u0119 wspinasz.<\/li>\n\n\n\n<li><strong>Post\u0119p \u015bledzenia:<\/strong>\u015aled\u017a swoje post\u0119py w panelu konta, gdzie wyra\u017anie widoczne s\u0105 Twoje aktualne punkty i kolejne kamienie milowe. Pomo\u017ce Ci to zrozumie\u0107, jak blisko jeste\u015b osi\u0105gni\u0119cia kolejnego poziomu VIP.<\/li>\n\n\n\n<li><strong>Automatyczna rejestracja<\/strong>: Po do\u0142\u0105czeniu do Nomini Casino zostaniesz automatycznie zarejestrowany w systemie \u015bledzenia VIP. Wywalcz sobie drog\u0119 na sam szczyt w ka\u017cdej grze, kt\u00f3r\u0105 lubisz!<\/li>\n<\/ul>\n\n\n\n<h2 class=\"wp-block-heading has-medium-font-size\">Poziomy VIP i nagrody<\/h2>\n\n\n\n<p>W Nomini Casino nasz program VIP jest podzielony na kilka poziom\u00f3w, z kt\u00f3rych ka\u017cdy oferuje rosn\u0105cy poziom nagr\u00f3d i uznania:<\/p>\n\n\n\n<ul class=\"wp-block-list\">\n<li><strong>Br\u0105zowy poziom:<\/strong>Rozpocznij swoj\u0105 podr\u00f3\u017c VIP ze zwi\u0119kszonymi limitami wyp\u0142at i specjalnymi bonusami powitalnymi, dost\u0119pnymi wy\u0142\u0105cznie dla nowych VIP-\u00f3w.<\/li>\n\n\n\n<li><strong>Poziom srebrny:<\/strong>Korzystaj ze wszystkich korzy\u015bci poziomu Br\u0105zowego, a tak\u017ce dost\u0119pu do ulepszonych ofert promocyjnych i szybszego gromadzenia punkt\u00f3w Reward.<\/li>\n\n\n\n<li><strong>Z\u0142oty poziom:<\/strong> Odblokuj nowy poziom us\u0142ug dzi\u0119ki osobistemu mened\u017cerowi konta, zaproszeniom na ekskluzywne wydarzenia i luksusowym prezentom-niespodziance.<\/li>\n\n\n\n<li><strong>Poziom platynowy<\/strong>: Na szczycie drabiny VIP uzyskaj najwy\u017cszy poziom wszystkich korzy\u015bci, w tym najwy\u017csze oferty bonusowe, priorytetow\u0105 pomoc techniczn\u0105 i spersonalizowane prezenty dostosowane do Twoich preferencji.<\/li>\n\n\n\n<li><strong>Poziom diamentu<\/strong>: Szczyt statusu VIP, oferuj\u0105cy spersonalizowane nagrody, pe\u0142n\u0105 personalizacj\u0119 wra\u017ce\u0144 z gry oraz zaproszenia na globalne wydarzenia i do\u015bwiadczenia VIP.<\/li>\n<\/ul>\n\n\n\n<p>Ka\u017cdy poziom zosta\u0142 zaprojektowany tak, aby Twoje do\u015bwiadczenie w Nomini Casino by\u0142o bardziej ekscytuj\u0105ce i satysfakcjonuj\u0105ce, zach\u0119caj\u0105c Ci\u0119 do dalszej gry i cieszenia si\u0119 szerok\u0105 gam\u0105 dost\u0119pnych gier.<\/p>\n","protected":false},"excerpt":{"rendered":"<p>Do\u0142\u0105czenie do programu VIP w Nomini Casino odblokowuje \u015bwiat ekskluzywnych korzy\u015bci zaprojektowanych, aby poprawi\u0107 Twoje wra\u017cenia z gry i nagrodzi\u0107 Twoj\u0105 lojalno\u015b\u0107. Jako cz\u0142onek VIP zyskujesz dost\u0119p do r\u00f3\u017cnorodnych korzy\u015bci premium, o kt\u00f3rych zwykli gracze mog\u0105 tylko marzy\u0107: Jak zosta\u0107 VIP-em Zostanie VIP-em w Nomini Casino jest proste i przejrzyste, a jego celem jest nagrodzenie [&hellip;]<\/p>\n","protected":false},"author":3,"featured_media":0,"parent":0,"menu_order":0,"comment_status":"closed","ping_status":"closed","template":"","meta":{"footnotes":""},"class_list":["post-179","page","type-page","status-publish","hentry"],"blocksy_meta":{"has_hero_section":"default","page_structure_type":"type-3","content_style_source":"inherit","content_style":{"desktop":"wide","tablet":"wide","mobile":"wide"},"vertical_spacing_source":"inherit","content_area_spacing":"none","disable_featured_image":"yes","disable_share_box":"yes","styles_descriptor":{"styles":{"desktop":"","tablet":"","mobile":""},"google_fonts":[],"version":6}},"featured_image_urls":{"full":"","thumbnail":"","medium":"","medium_large":"","large":"","1536x1536":"","2048x2048":""},"post_excerpt_stackable":"<p>Do\u0142\u0105czenie do programu VIP w Nomini Casino odblokowuje \u015bwiat ekskluzywnych korzy\u015bci zaprojektowanych, aby poprawi\u0107 Twoje wra\u017cenia z gry i nagrodzi\u0107 Twoj\u0105 lojalno\u015b\u0107. Jako cz\u0142onek VIP zyskujesz dost\u0119p do r\u00f3\u017cnorodnych korzy\u015bci premium, o kt\u00f3rych zwykli gracze mog\u0105 tylko marzy\u0107: Ekskluzywne bonusy: Ciesz si\u0119 dostosowanymi do indywidualnych potrzeb ofertami bonusowymi, w tym wy\u017cszymi procentami przy dopasowaniu depozytu, wi\u0119ksz\u0105 liczb\u0105 darmowych spin\u00f3w i wyj\u0105tkowymi promocjami dostosowanymi do Twoich preferencji w grach. Wy\u017csze limity wyp\u0142at: Jako VIP mo\u017cesz szybciej wyp\u0142aci\u0107 wi\u0119cej swoich wygranych dzi\u0119ki zwi\u0119kszonym limitom wyp\u0142at. Oznacza to wi\u0119cej got\u00f3wki w Twojej kieszeni, kiedy tylko jej potrzebujesz. Mened\u017cer konta osobistego: Skorzystaj z leczenia&hellip;<\/p>\n","category_list":"","author_info":{"name":"Aphex Team","url":"https:\/\/nomini.bet\/?author=3"},"comments_num":"0 comments","yoast_head":"<!-- This site is optimized with the Yoast SEO plugin v22.8 - https:\/\/yoast.com\/wordpress\/plugins\/seo\/ -->\n<title>Korzy\u015bci z Bycia VIP-em | Nomini Casino<\/title>\n<meta name=\"description\" content=\"Poznaj ekskluzywne korzy\u015bci bycia VIP-em w Nomini Casino. Do\u0142\u0105cz do programu VIP i ciesz si\u0119 wyj\u0105tkowymi bonusami!\" \/>\n<meta name=\"robots\" content=\"index, follow, max-snippet:-1, max-image-preview:large, max-video-preview:-1\" \/>\n<link rel=\"canonical\" href=\"https:\/\/nomini.bet\/?page_id=179\" \/>\n<meta property=\"og:locale\" content=\"pl_PL\" \/>\n<meta property=\"og:type\" content=\"article\" \/>\n<meta property=\"og:title\" content=\"Korzy\u015bci z Bycia VIP-em | Nomini Casino\" \/>\n<meta property=\"og:description\" content=\"Poznaj ekskluzywne korzy\u015bci bycia VIP-em w Nomini Casino. Do\u0142\u0105cz do programu VIP i ciesz si\u0119 wyj\u0105tkowymi bonusami!\" \/>\n<meta property=\"og:url\" content=\"https:\/\/nomini.bet\/?page_id=179\" \/>\n<meta property=\"og:site_name\" content=\"Nomini\" \/>\n<meta property=\"article:modified_time\" content=\"2024-06-11T09:55:59+00:00\" \/>\n<meta property=\"og:image\" content=\"https:\/\/nomini.bet\/wp-content\/uploads\/2024\/06\/pikaso_texttoimage_3d-model-Casino-Vip-figure-octane-render-volumetri-1.jpeg\" \/>\n<meta name=\"twitter:card\" content=\"summary_large_image\" \/>\n<meta name=\"twitter:label1\" content=\"Est. reading time\" \/>\n\t<meta name=\"twitter:data1\" content=\"3 minutes\" \/>\n<script type=\"application\/ld+json\" class=\"yoast-schema-graph\">{\"@context\":\"https:\/\/schema.org\",\"@graph\":[{\"@type\":\"WebPage\",\"@id\":\"https:\/\/nomini.bet\/?page_id=179\",\"url\":\"https:\/\/nomini.bet\/?page_id=179\",\"name\":\"Korzy\u015bci z Bycia VIP-em | Nomini Casino\",\"isPartOf\":{\"@id\":\"https:\/\/nomini.bet\/#website\"},\"primaryImageOfPage\":{\"@id\":\"https:\/\/nomini.bet\/?page_id=179#primaryimage\"},\"image\":{\"@id\":\"https:\/\/nomini.bet\/?page_id=179#primaryimage\"},\"thumbnailUrl\":\"https:\/\/nomini.bet\/wp-content\/uploads\/2024\/06\/pikaso_texttoimage_3d-model-Casino-Vip-figure-octane-render-volumetri-1.jpeg\",\"datePublished\":\"2024-04-30T11:47:26+00:00\",\"dateModified\":\"2024-06-11T09:55:59+00:00\",\"description\":\"Poznaj ekskluzywne korzy\u015bci bycia VIP-em w Nomini Casino. Do\u0142\u0105cz do programu VIP i ciesz si\u0119 wyj\u0105tkowymi bonusami!\",\"breadcrumb\":{\"@id\":\"https:\/\/nomini.bet\/?page_id=179#breadcrumb\"},\"inLanguage\":\"pl-PL\",\"potentialAction\":[{\"@type\":\"ReadAction\",\"target\":[\"https:\/\/nomini.bet\/?page_id=179\"]}]},{\"@type\":\"ImageObject\",\"inLanguage\":\"pl-PL\",\"@id\":\"https:\/\/nomini.bet\/?page_id=179#primaryimage\",\"url\":\"https:\/\/nomini.bet\/wp-content\/uploads\/2024\/06\/pikaso_texttoimage_3d-model-Casino-Vip-figure-octane-render-volumetri-1.jpeg\",\"contentUrl\":\"https:\/\/nomini.bet\/wp-content\/uploads\/2024\/06\/pikaso_texttoimage_3d-model-Casino-Vip-figure-octane-render-volumetri-1.jpeg\",\"width\":1216,\"height\":832},{\"@type\":\"BreadcrumbList\",\"@id\":\"https:\/\/nomini.bet\/?page_id=179#breadcrumb\",\"itemListElement\":[{\"@type\":\"ListItem\",\"position\":1,\"name\":\"Home\",\"item\":\"https:\/\/nomini.bet\/\"},{\"@type\":\"ListItem\",\"position\":2,\"name\":\"Korzy\u015bci z bycia VIP-em w Nomini Casino\"}]},{\"@type\":\"WebSite\",\"@id\":\"https:\/\/nomini.bet\/#website\",\"url\":\"https:\/\/nomini.bet\/\",\"name\":\"Nomini\",\"description\":\"\",\"publisher\":{\"@id\":\"https:\/\/nomini.bet\/#organization\"},\"potentialAction\":[{\"@type\":\"SearchAction\",\"target\":{\"@type\":\"EntryPoint\",\"urlTemplate\":\"https:\/\/nomini.bet\/?s={search_term_string}\"},\"query-input\":\"required name=search_term_string\"}],\"inLanguage\":\"pl-PL\"},{\"@type\":\"Organization\",\"@id\":\"https:\/\/nomini.bet\/#organization\",\"name\":\"Nomini\",\"url\":\"https:\/\/nomini.bet\/\",\"logo\":{\"@type\":\"ImageObject\",\"inLanguage\":\"pl-PL\",\"@id\":\"https:\/\/nomini.bet\/#\/schema\/logo\/image\/\",\"url\":\"https:\/\/nomini.bet\/wp-content\/uploads\/2024\/04\/nomini-casino-logo-transparent-160x54.png.webp\",\"contentUrl\":\"https:\/\/nomini.bet\/wp-content\/uploads\/2024\/04\/nomini-casino-logo-transparent-160x54.png.webp\",\"width\":160,\"height\":54,\"caption\":\"Nomini\"},\"image\":{\"@id\":\"https:\/\/nomini.bet\/#\/schema\/logo\/image\/\"}}]}<\/script>\n<!-- \/ Yoast SEO plugin. -->","yoast_head_json":{"title":"Korzy\u015bci z Bycia VIP-em | Nomini Casino","description":"Poznaj ekskluzywne korzy\u015bci bycia VIP-em w Nomini Casino. Do\u0142\u0105cz do programu VIP i ciesz si\u0119 wyj\u0105tkowymi bonusami!","robots":{"index":"index","follow":"follow","max-snippet":"max-snippet:-1","max-image-preview":"max-image-preview:large","max-video-preview":"max-video-preview:-1"},"canonical":"https:\/\/nomini.bet\/?page_id=179","og_locale":"pl_PL","og_type":"article","og_title":"Korzy\u015bci z Bycia VIP-em | Nomini Casino","og_description":"Poznaj ekskluzywne korzy\u015bci bycia VIP-em w Nomini Casino. Do\u0142\u0105cz do programu VIP i ciesz si\u0119 wyj\u0105tkowymi bonusami!","og_url":"https:\/\/nomini.bet\/?page_id=179","og_site_name":"Nomini","article_modified_time":"2024-06-11T09:55:59+00:00","og_image":[{"url":"https:\/\/nomini.bet\/wp-content\/uploads\/2024\/06\/pikaso_texttoimage_3d-model-Casino-Vip-figure-octane-render-volumetri-1.jpeg"}],"twitter_card":"summary_large_image","twitter_misc":{"Est. reading time":"3 minutes"},"schema":{"@context":"https:\/\/schema.org","@graph":[{"@type":"WebPage","@id":"https:\/\/nomini.bet\/?page_id=179","url":"https:\/\/nomini.bet\/?page_id=179","name":"Korzy\u015bci z Bycia VIP-em | Nomini Casino","isPartOf":{"@id":"https:\/\/nomini.bet\/#website"},"primaryImageOfPage":{"@id":"https:\/\/nomini.bet\/?page_id=179#primaryimage"},"image":{"@id":"https:\/\/nomini.bet\/?page_id=179#primaryimage"},"thumbnailUrl":"https:\/\/nomini.bet\/wp-content\/uploads\/2024\/06\/pikaso_texttoimage_3d-model-Casino-Vip-figure-octane-render-volumetri-1.jpeg","datePublished":"2024-04-30T11:47:26+00:00","dateModified":"2024-06-11T09:55:59+00:00","description":"Poznaj ekskluzywne korzy\u015bci bycia VIP-em w Nomini Casino. Do\u0142\u0105cz do programu VIP i ciesz si\u0119 wyj\u0105tkowymi bonusami!","breadcrumb":{"@id":"https:\/\/nomini.bet\/?page_id=179#breadcrumb"},"inLanguage":"pl-PL","potentialAction":[{"@type":"ReadAction","target":["https:\/\/nomini.bet\/?page_id=179"]}]},{"@type":"ImageObject","inLanguage":"pl-PL","@id":"https:\/\/nomini.bet\/?page_id=179#primaryimage","url":"https:\/\/nomini.bet\/wp-content\/uploads\/2024\/06\/pikaso_texttoimage_3d-model-Casino-Vip-figure-octane-render-volumetri-1.jpeg","contentUrl":"https:\/\/nomini.bet\/wp-content\/uploads\/2024\/06\/pikaso_texttoimage_3d-model-Casino-Vip-figure-octane-render-volumetri-1.jpeg","width":1216,"height":832},{"@type":"BreadcrumbList","@id":"https:\/\/nomini.bet\/?page_id=179#breadcrumb","itemListElement":[{"@type":"ListItem","position":1,"name":"Home","item":"https:\/\/nomini.bet\/"},{"@type":"ListItem","position":2,"name":"Korzy\u015bci z bycia VIP-em w Nomini Casino"}]},{"@type":"WebSite","@id":"https:\/\/nomini.bet\/#website","url":"https:\/\/nomini.bet\/","name":"Nomini","description":"","publisher":{"@id":"https:\/\/nomini.bet\/#organization"},"potentialAction":[{"@type":"SearchAction","target":{"@type":"EntryPoint","urlTemplate":"https:\/\/nomini.bet\/?s={search_term_string}"},"query-input":"required name=search_term_string"}],"inLanguage":"pl-PL"},{"@type":"Organization","@id":"https:\/\/nomini.bet\/#organization","name":"Nomini","url":"https:\/\/nomini.bet\/","logo":{"@type":"ImageObject","inLanguage":"pl-PL","@id":"https:\/\/nomini.bet\/#\/schema\/logo\/image\/","url":"https:\/\/nomini.bet\/wp-content\/uploads\/2024\/04\/nomini-casino-logo-transparent-160x54.png.webp","contentUrl":"https:\/\/nomini.bet\/wp-content\/uploads\/2024\/04\/nomini-casino-logo-transparent-160x54.png.webp","width":160,"height":54,"caption":"Nomini"},"image":{"@id":"https:\/\/nomini.bet\/#\/schema\/logo\/image\/"}}]}},"_links":{"self":[{"href":"https:\/\/nomini.bet\/index.php?rest_route=\/wp\/v2\/pages\/179","targetHints":{"allow":["GET"]}}],"collection":[{"href":"https:\/\/nomini.bet\/index.php?rest_route=\/wp\/v2\/pages"}],"about":[{"href":"https:\/\/nomini.bet\/index.php?rest_route=\/wp\/v2\/types\/page"}],"author":[{"embeddable":true,"href":"https:\/\/nomini.bet\/index.php?rest_route=\/wp\/v2\/users\/3"}],"replies":[{"embeddable":true,"href":"https:\/\/nomini.bet\/index.php?rest_route=%2Fwp%2Fv2%2Fcomments&post=179"}],"version-history":[{"count":0,"href":"https:\/\/nomini.bet\/index.php?rest_route=\/wp\/v2\/pages\/179\/revisions"}],"wp:attachment":[{"href":"https:\/\/nomini.bet\/index.php?rest_route=%2Fwp%2Fv2%2Fmedia&parent=179"}],"curies":[{"name":"wp","href":"https:\/\/api.w.org\/{rel}","templated":true}]}}