{"id":174,"date":"2024-04-30T11:42:30","date_gmt":"2024-04-30T11:42:30","guid":{"rendered":"https:\/\/nomini.bet\/?page_id=174"},"modified":"2024-06-11T09:58:49","modified_gmt":"2024-06-11T09:58:49","slug":"sport","status":"publish","type":"page","link":"https:\/\/nomini.bet\/?page_id=174","title":{"rendered":"Witamy w Nomini Kasynie Online \ud83c\udfb0"},"content":{"rendered":"\n<p>Witamy w \u015bwiecie pe\u0142nym pozytywnych emocji i dobrych wibracji, jakim jest kasyno online Nomini. To miejsce, kt\u00f3re zdecydowanie przyci\u0105ga swoj\u0105 jasn\u0105 i soczyst\u0105 atmosfer\u0105. A co je\u015bli powiemy, \u017ce Nomini to nie tylko miejsce do gry w kasynie, ale tak\u017ce platforma do zak\u0142ad\u00f3w sportowych? \u26bd\ud83c\udfc0\ud83c\udfbe<\/p>\n\n\n\n<h2 class=\"wp-block-heading\">Zak\u0142ady Sportowe w Nomini \ud83c\udfc5<\/h2>\n\n\n\n<p>Nomini oferuje szeroki zakres zak\u0142ad\u00f3w na r\u00f3\u017cne dyscypliny sportowe, obejmuj\u0105c nie tylko najpopularniejsze, takie jak:<\/p>\n\n\n\n<ul class=\"wp-block-list\">\n<li>Pi\u0142ka no\u017cna<\/li>\n\n\n\n<li>Koszyk\u00f3wka<\/li>\n\n\n\n<li>Tenis<\/li>\n\n\n\n<li>Hokej<\/li>\n<\/ul>\n\n\n\n<p>&#8230;ale tak\u017ce te mniej oczywiste. Co wi\u0119cej, dost\u0119pne s\u0105 tu zak\u0142ady na \u017cywo, daj\u0105c graczom szans\u0119 na emocjonuj\u0105ce do\u015bwiadczenia. \ud83d\udcca\ud83d\udcc5<\/p>\n\n\n\n<h3 class=\"wp-block-heading\">Zak\u0142ady Sportowe na Urz\u0105dzeniach Mobilnych \ud83d\udcf1<\/h3>\n\n\n\n<p>Czy jest co\u015b lepszego ni\u017c mo\u017cliwo\u015b\u0107 korzystania z takiego miejsca na swoim urz\u0105dzeniu mobilnym? Nomini oferuje solidne do\u015bwiadczenie mobilne, dzi\u0119ki czemu mo\u017cesz cieszy\u0107 si\u0119 gr\u0105 i obstawianiem zak\u0142ad\u00f3w, gdziekolwiek jeste\u015b. \ud83c\udfe0\ud83c\udfe2\ud83c\udf0d<\/p>\n\n\n\n<h2 class=\"wp-block-heading\">Por\u00f3wnanie Kurs\u00f3w w Nomini z Inymi Bukmacherami \ud83d\udcc8<\/h2>\n\n\n\n<p>Por\u00f3wnuj\u0105c kursy kasyna Nomini z innymi bukmacherami, nie spos\u00f3b przeoczy\u0107 r\u00f3\u017cnicy. Nomini ma doskona\u0142e kwoty zak\u0142ad\u00f3w, kt\u00f3re s\u0105 konkurencyjne w por\u00f3wnaniu z innymi du\u017cymi graczami na rynku. R\u00f3\u017cnica mo\u017ce wydawa\u0107 si\u0119 nieznaczna, ale w d\u0142ugim okresie nawet najmniejsze zmiany mog\u0105 przynie\u015b\u0107 znacz\u0105ce zyski. \ud83d\udcb0<\/p>\n\n\n\n<h3 class=\"wp-block-heading\">Tabela Por\u00f3wnawcza Kurs\u00f3w:<\/h3>\n\n\n\n<figure class=\"wp-block-table\"><table><thead><tr><th>Bukmacher<\/th><th>Kursy na Pi\u0142k\u0119 No\u017cn\u0105<\/th><th>Kursy na Tenis<\/th><th>Kursy na Koszyk\u00f3wk\u0119<\/th><\/tr><\/thead><tbody><tr><td>Nomini<\/td><td>1.85<\/td><td>1.90<\/td><td>1.80<\/td><\/tr><tr><td>Inny Bukmacher<\/td><td>1.80<\/td><td>1.85<\/td><td>1.75<\/td><\/tr><\/tbody><\/table><\/figure>\n\n\n\n<p>Nomini, jako kasyno dzia\u0142aj\u0105ce g\u0142\u00f3wnie online, posiada kilka unikalnych zalet w kontek\u015bcie kurs\u00f3w i stawek. Dzi\u0119ki mniejszym kosztom operacyjnym w por\u00f3wnaniu do tradycyjnych kasyn naziemnych, Nomini mo\u017ce oferowa\u0107 atrakcyjniejsze kursy i lepsze stawki dla swoich klient\u00f3w. \ud83d\udcc9\ud83d\udcc8<\/p>\n\n\n\n<h2 class=\"wp-block-heading\">Specjalne Funkcje Bukmacherskie w Nomini \ud83c\udfaf<\/h2>\n\n\n\n<p>Prezentuj\u0105c specjalne funkcje, kt\u00f3re wyr\u00f3\u017cniaj\u0105 bukmacher\u00f3w Nomini, naszym celem jest umo\u017cliwi\u0107 graczom lepsze zrozumienie tego, co oferuje ta platforma. \ud83c\udf1f<\/p>\n\n\n\n<div class=\"wp-block-stackable-image stk-block-image stk-block stk-0749ace\" data-block-id=\"0749ace\"><figure><span class=\"stk-img-wrapper stk-image--shape-stretch\"><img loading=\"lazy\" decoding=\"async\" class=\"stk-img wp-image-228\" src=\"https:\/\/nomini.bet\/wp-content\/uploads\/2024\/06\/pikaso_texttoimage_3d-model-Online-Casino-figure-octane-render-volume.jpeg\" width=\"1216\" height=\"832\" srcset=\"https:\/\/nomini.bet\/wp-content\/uploads\/2024\/06\/pikaso_texttoimage_3d-model-Online-Casino-figure-octane-render-volume.jpeg 1216w, https:\/\/nomini.bet\/wp-content\/uploads\/2024\/06\/pikaso_texttoimage_3d-model-Online-Casino-figure-octane-render-volume-300x205.jpeg 300w, https:\/\/nomini.bet\/wp-content\/uploads\/2024\/06\/pikaso_texttoimage_3d-model-Online-Casino-figure-octane-render-volume-1024x701.jpeg 1024w, https:\/\/nomini.bet\/wp-content\/uploads\/2024\/06\/pikaso_texttoimage_3d-model-Online-Casino-figure-octane-render-volume-768x525.jpeg 768w\" sizes=\"auto, (max-width: 1216px) 100vw, 1216px\" \/><\/span><\/figure><\/div>\n\n\n\n<h3 class=\"wp-block-heading\">Wyr\u00f3\u017cniki Nomini:<\/h3>\n\n\n\n<ul class=\"wp-block-list\">\n<li><strong>Unikalny Motyw Owocowy<\/strong>: Ka\u017cda posta\u0107 owocowa oferuje inny zestaw korzy\u015bci i bod\u017ac\u00f3w. \ud83c\udf4b\ud83c\udf4a<\/li>\n\n\n\n<li><strong>Zak\u0142ady na \u017bywo<\/strong>: Funkcja zak\u0142ad\u00f3w na \u017cywo pozwala graczom korzysta\u0107 z wydarze\u0144, kt\u00f3re dziej\u0105 si\u0119 podczas meczu. \ud83d\udd52<\/li>\n\n\n\n<li><strong>Obs\u0142uga Klienta<\/strong>: Opcje live chatu, obs\u0142uguj\u0105cego kilka j\u0119zyk\u00f3w, w tym polski, angielski, niemiecki i rosyjski. \ud83d\udcac<\/li>\n\n\n\n<li><strong>Funkcja Cashout<\/strong>: Gracze mog\u0105 odzyska\u0107 cz\u0119\u015b\u0107 kwoty, kt\u00f3r\u0105 postawili jako zak\u0142ad. \ud83d\udcb5<\/li>\n<\/ul>\n\n\n\n<h2 class=\"wp-block-heading\">Zakres Sport\u00f3w w Nomini \ud83c\udfc6<\/h2>\n\n\n\n<p>Kolekcja sport\u00f3w oferowanych przez Nomini jest imponuj\u0105ca. Opr\u00f3cz konwencjonalnych sport\u00f3w, Nomini zaspokaja te\u017c po\u017c\u0105danie rynku e-sportowego. Oferuje szereg elektronicznych sport\u00f3w, w tym:<\/p>\n\n\n\n<ul class=\"wp-block-list\">\n<li>League of Legends<\/li>\n\n\n\n<li>CS: GO<\/li>\n\n\n\n<li>Dota 2<\/li>\n\n\n\n<li>Valorant<\/li>\n\n\n\n<li>King of Glory<\/li>\n\n\n\n<li>Rainbow Six<\/li>\n<\/ul>\n\n\n\n<h3 class=\"wp-block-heading\">Tabela Sport\u00f3w eSportowych:<\/h3>\n\n\n\n<figure class=\"wp-block-table\"><table><thead><tr><th>Gra<\/th><th>Dost\u0119pne Zak\u0142ady<\/th><\/tr><\/thead><tbody><tr><td>League of Legends<\/td><td>\u2705<\/td><\/tr><tr><td>CS: GO<\/td><td>\u2705<\/td><\/tr><tr><td>Dota 2<\/td><td>\u2705<\/td><\/tr><tr><td>Valorant<\/td><td>\u2705<\/td><\/tr><tr><td>King of Glory<\/td><td>\u2705<\/td><\/tr><tr><td>Rainbow Six<\/td><td>\u2705<\/td><\/tr><\/tbody><\/table><\/figure>\n\n\n\n<p>Nomini oferuje bukmacherskie kursy, kt\u00f3re s\u0105 konkurencyjne w por\u00f3wnaniu do innych dostawc\u00f3w. \ud83d\udcc8<\/p>\n\n\n\n<h2 class=\"wp-block-heading\">Cz\u0119sto Zadawane Pytania \u2753<\/h2>\n\n\n\n<h3 class=\"wp-block-heading\">Jakie gry kasynowe s\u0105 dost\u0119pne w kasynie Nomini?<\/h3>\n\n\n\n<p>Nomini oferuje szeroki wyb\u00f3r r\u00f3\u017cnego rodzaju gier, zar\u00f3wno tych dobrze znanych jak wrzutki, pokera czy ruletk\u0119 jak i mniej znane takie jak snooker czy te\u017c e-sporty. W ofercie znajduje si\u0119 ponad 30 r\u00f3\u017cnych dyscyplin.<\/p>\n\n\n\n<h3 class=\"wp-block-heading\">Czy kasyno Nomini jest bezpieczne?<\/h3>\n\n\n\n<p>Tak, kasyno Nomini zabezpiecza dane swoich u\u017cytkownik\u00f3w za pomoc\u0105 najnowocze\u015bniejszych technologii. Opr\u00f3cz tego, posiada licencje od renomowanych organizacji zajmuj\u0105cych si\u0119 kontrol\u0105 gier hazardowych online.<\/p>\n\n\n\n<h3 class=\"wp-block-heading\">Czy mog\u0119 korzysta\u0107 z Nomini z Polski?<\/h3>\n\n\n\n<p>Nomini jest otwarty dla graczy z ca\u0142ego \u015bwiata, pod warunkiem, \u017ce kasyna online nie s\u0105 zakazane w ich kraju zamieszkania. W przypadku Polak\u00f3w, kasyno jest w pe\u0142ni dost\u0119pne.<\/p>\n\n\n\n<h3 class=\"wp-block-heading\">Jakie metody p\u0142atno\u015bci mog\u0119 u\u017cywa\u0107 w Nomini?<\/h3>\n\n\n\n<p>Nomini oferuje szeroki wyb\u00f3r metod p\u0142atno\u015bci, takich jak karty kredytowe, e-portfele, kryptowaluty i inne systemy p\u0142atno\u015bci. Mo\u017cna p\u0142aci\u0107 m.in. za pomoc\u0105 Mastercard, Giropay, Bitcoin, Ethereum, eZeeWallet, USD Coin i wielu innych.<\/p>\n\n\n\n<h3 class=\"wp-block-heading\">Czy Nomini oferuje gry na \u017cywo?<\/h3>\n\n\n\n<p>Tak \u2014 Nomini ma sekcj\u0119 z krupierem na \u017cywo, oferuj\u0105c setki wirtualnych stolik\u00f3w do wyboru. Mo\u017cna gra\u0107 w klasyczn\u0105 wersj\u0119 ulubionych gier, w tym blackjacka, bakarata, ruletk\u0119, craps i wiele innych.<\/p>\n\n\n\n<h3 class=\"wp-block-heading\">Nasza Opinia o Nomini \ud83c\udf89<\/h3>\n\n\n\n<p>Nomini to wi\u0119cej ni\u017c tylko kasyno online. To miejsce, gdzie pasja do sportu spotyka si\u0119 z ekscytacj\u0105 hazardu. Dzi\u0119ki szerokiej gamie dyscyplin sportowych, atrakcyjnym kursom i funkcji zak\u0142ad\u00f3w na \u017cywo, Nomini staje si\u0119 liderem w\u015br\u00f3d platform zak\u0142ad\u00f3w sportowych. Z doskona\u0142ym do\u015bwiadczeniem mobilnym i natychmiastowymi wyp\u0142atami, Nomini gwarantuje satysfakcj\u0119 nawet najbardziej wymagaj\u0105cych graczy.<\/p>\n\n\n\n<p>Unikalny motyw owocowy, r\u00f3\u017cnorodne bonusy i korzy\u015bci, a tak\u017ce obs\u0142uga klienta w wielu j\u0119zykach to tylko niekt\u00f3re z atut\u00f3w, kt\u00f3re wyr\u00f3\u017cniaj\u0105 Nomini na tle konkurencji. Oferuj\u0105c zar\u00f3wno popularne dyscypliny, jak i e-sporty, Nomini zapewnia r\u00f3\u017cnorodno\u015b\u0107 i emocje na ka\u017cdym kroku. \ud83c\udf10\ud83c\udf40<\/p>\n","protected":false},"excerpt":{"rendered":"<p>Witamy w \u015bwiecie pe\u0142nym pozytywnych emocji i dobrych wibracji, jakim jest kasyno online Nomini. To miejsce, kt\u00f3re zdecydowanie przyci\u0105ga swoj\u0105 jasn\u0105 i soczyst\u0105 atmosfer\u0105. A co je\u015bli powiemy, \u017ce Nomini to nie tylko miejsce do gry w kasynie, ale tak\u017ce platforma do zak\u0142ad\u00f3w sportowych? \u26bd\ud83c\udfc0\ud83c\udfbe Zak\u0142ady Sportowe w Nomini \ud83c\udfc5 Nomini oferuje szeroki zakres zak\u0142ad\u00f3w [&hellip;]<\/p>\n","protected":false},"author":3,"featured_media":0,"parent":0,"menu_order":0,"comment_status":"closed","ping_status":"closed","template":"","meta":{"footnotes":""},"class_list":["post-174","page","type-page","status-publish","hentry"],"blocksy_meta":{"has_hero_section":"default","page_structure_type":"type-3","content_style_source":"inherit","content_style":{"desktop":"wide","tablet":"wide","mobile":"wide"},"vertical_spacing_source":"inherit","content_area_spacing":"none","disable_featured_image":"yes","disable_share_box":"yes","styles_descriptor":{"styles":{"desktop":"","tablet":"","mobile":""},"google_fonts":[],"version":6}},"featured_image_urls":{"full":"","thumbnail":"","medium":"","medium_large":"","large":"","1536x1536":"","2048x2048":""},"post_excerpt_stackable":"<p>Witamy w \u015bwiecie pe\u0142nym pozytywnych emocji i dobrych wibracji, jakim jest kasyno online Nomini. To miejsce, kt\u00f3re zdecydowanie przyci\u0105ga swoj\u0105 jasn\u0105 i soczyst\u0105 atmosfer\u0105. A co je\u015bli powiemy, \u017ce Nomini to nie tylko miejsce do gry w kasynie, ale tak\u017ce platforma do zak\u0142ad\u00f3w sportowych? \u26bd\ud83c\udfc0\ud83c\udfbe Zak\u0142ady Sportowe w Nomini \ud83c\udfc5 Nomini oferuje szeroki zakres zak\u0142ad\u00f3w na r\u00f3\u017cne dyscypliny sportowe, obejmuj\u0105c nie tylko najpopularniejsze, takie jak: Pi\u0142ka no\u017cna Koszyk\u00f3wka Tenis Hokej &#8230;ale tak\u017ce te mniej oczywiste. Co wi\u0119cej, dost\u0119pne s\u0105 tu zak\u0142ady na \u017cywo, daj\u0105c graczom szans\u0119 na emocjonuj\u0105ce do\u015bwiadczenia. \ud83d\udcca\ud83d\udcc5 Zak\u0142ady Sportowe na Urz\u0105dzeniach Mobilnych \ud83d\udcf1 Czy jest co\u015b lepszego&hellip;<\/p>\n","category_list":"","author_info":{"name":"Aphex Team","url":"https:\/\/nomini.bet\/?author=3"},"comments_num":"0 comments","yoast_head":"<!-- This site is optimized with the Yoast SEO plugin v22.8 - https:\/\/yoast.com\/wordpress\/plugins\/seo\/ -->\n<title>Witamy w Nomini Kasynie Online \ud83c\udfb0<\/title>\n<meta name=\"description\" content=\"Zarejestruj si\u0119 w Nomini Kasynie Online i ciesz si\u0119 najlepszymi grami kasynowymi oraz niesamowitymi bonusami!\" \/>\n<meta name=\"robots\" content=\"index, follow, max-snippet:-1, max-image-preview:large, max-video-preview:-1\" \/>\n<link rel=\"canonical\" href=\"https:\/\/nomini.bet\/?page_id=174\" \/>\n<meta property=\"og:locale\" content=\"pl_PL\" \/>\n<meta property=\"og:type\" content=\"article\" \/>\n<meta property=\"og:title\" content=\"Witamy w Nomini Kasynie Online \ud83c\udfb0\" \/>\n<meta property=\"og:description\" content=\"Zarejestruj si\u0119 w Nomini Kasynie Online i ciesz si\u0119 najlepszymi grami kasynowymi oraz niesamowitymi bonusami!\" \/>\n<meta property=\"og:url\" content=\"https:\/\/nomini.bet\/?page_id=174\" \/>\n<meta property=\"og:site_name\" content=\"Nomini\" \/>\n<meta property=\"article:modified_time\" content=\"2024-06-11T09:58:49+00:00\" \/>\n<meta property=\"og:image\" content=\"https:\/\/nomini.bet\/wp-content\/uploads\/2024\/06\/pikaso_texttoimage_3d-model-Online-Casino-figure-octane-render-volume.jpeg\" \/>\n<meta name=\"twitter:card\" content=\"summary_large_image\" \/>\n<meta name=\"twitter:label1\" content=\"Est. reading time\" \/>\n\t<meta name=\"twitter:data1\" content=\"4 minutes\" \/>\n<script type=\"application\/ld+json\" class=\"yoast-schema-graph\">{\"@context\":\"https:\/\/schema.org\",\"@graph\":[{\"@type\":\"WebPage\",\"@id\":\"https:\/\/nomini.bet\/?page_id=174\",\"url\":\"https:\/\/nomini.bet\/?page_id=174\",\"name\":\"Witamy w Nomini Kasynie Online \ud83c\udfb0\",\"isPartOf\":{\"@id\":\"https:\/\/nomini.bet\/#website\"},\"primaryImageOfPage\":{\"@id\":\"https:\/\/nomini.bet\/?page_id=174#primaryimage\"},\"image\":{\"@id\":\"https:\/\/nomini.bet\/?page_id=174#primaryimage\"},\"thumbnailUrl\":\"https:\/\/nomini.bet\/wp-content\/uploads\/2024\/06\/pikaso_texttoimage_3d-model-Online-Casino-figure-octane-render-volume.jpeg\",\"datePublished\":\"2024-04-30T11:42:30+00:00\",\"dateModified\":\"2024-06-11T09:58:49+00:00\",\"description\":\"Zarejestruj si\u0119 w Nomini Kasynie Online i ciesz si\u0119 najlepszymi grami kasynowymi oraz niesamowitymi bonusami!\",\"breadcrumb\":{\"@id\":\"https:\/\/nomini.bet\/?page_id=174#breadcrumb\"},\"inLanguage\":\"pl-PL\",\"potentialAction\":[{\"@type\":\"ReadAction\",\"target\":[\"https:\/\/nomini.bet\/?page_id=174\"]}]},{\"@type\":\"ImageObject\",\"inLanguage\":\"pl-PL\",\"@id\":\"https:\/\/nomini.bet\/?page_id=174#primaryimage\",\"url\":\"https:\/\/nomini.bet\/wp-content\/uploads\/2024\/06\/pikaso_texttoimage_3d-model-Online-Casino-figure-octane-render-volume.jpeg\",\"contentUrl\":\"https:\/\/nomini.bet\/wp-content\/uploads\/2024\/06\/pikaso_texttoimage_3d-model-Online-Casino-figure-octane-render-volume.jpeg\",\"width\":1216,\"height\":832},{\"@type\":\"BreadcrumbList\",\"@id\":\"https:\/\/nomini.bet\/?page_id=174#breadcrumb\",\"itemListElement\":[{\"@type\":\"ListItem\",\"position\":1,\"name\":\"Home\",\"item\":\"https:\/\/nomini.bet\/\"},{\"@type\":\"ListItem\",\"position\":2,\"name\":\"Witamy w Nomini Kasynie Online \ud83c\udfb0\"}]},{\"@type\":\"WebSite\",\"@id\":\"https:\/\/nomini.bet\/#website\",\"url\":\"https:\/\/nomini.bet\/\",\"name\":\"Nomini\",\"description\":\"\",\"publisher\":{\"@id\":\"https:\/\/nomini.bet\/#organization\"},\"potentialAction\":[{\"@type\":\"SearchAction\",\"target\":{\"@type\":\"EntryPoint\",\"urlTemplate\":\"https:\/\/nomini.bet\/?s={search_term_string}\"},\"query-input\":\"required name=search_term_string\"}],\"inLanguage\":\"pl-PL\"},{\"@type\":\"Organization\",\"@id\":\"https:\/\/nomini.bet\/#organization\",\"name\":\"Nomini\",\"url\":\"https:\/\/nomini.bet\/\",\"logo\":{\"@type\":\"ImageObject\",\"inLanguage\":\"pl-PL\",\"@id\":\"https:\/\/nomini.bet\/#\/schema\/logo\/image\/\",\"url\":\"https:\/\/nomini.bet\/wp-content\/uploads\/2024\/04\/nomini-casino-logo-transparent-160x54.png.webp\",\"contentUrl\":\"https:\/\/nomini.bet\/wp-content\/uploads\/2024\/04\/nomini-casino-logo-transparent-160x54.png.webp\",\"width\":160,\"height\":54,\"caption\":\"Nomini\"},\"image\":{\"@id\":\"https:\/\/nomini.bet\/#\/schema\/logo\/image\/\"}}]}<\/script>\n<!-- \/ Yoast SEO plugin. -->","yoast_head_json":{"title":"Witamy w Nomini Kasynie Online \ud83c\udfb0","description":"Zarejestruj si\u0119 w Nomini Kasynie Online i ciesz si\u0119 najlepszymi grami kasynowymi oraz niesamowitymi bonusami!","robots":{"index":"index","follow":"follow","max-snippet":"max-snippet:-1","max-image-preview":"max-image-preview:large","max-video-preview":"max-video-preview:-1"},"canonical":"https:\/\/nomini.bet\/?page_id=174","og_locale":"pl_PL","og_type":"article","og_title":"Witamy w Nomini Kasynie Online \ud83c\udfb0","og_description":"Zarejestruj si\u0119 w Nomini Kasynie Online i ciesz si\u0119 najlepszymi grami kasynowymi oraz niesamowitymi bonusami!","og_url":"https:\/\/nomini.bet\/?page_id=174","og_site_name":"Nomini","article_modified_time":"2024-06-11T09:58:49+00:00","og_image":[{"url":"https:\/\/nomini.bet\/wp-content\/uploads\/2024\/06\/pikaso_texttoimage_3d-model-Online-Casino-figure-octane-render-volume.jpeg"}],"twitter_card":"summary_large_image","twitter_misc":{"Est. reading time":"4 minutes"},"schema":{"@context":"https:\/\/schema.org","@graph":[{"@type":"WebPage","@id":"https:\/\/nomini.bet\/?page_id=174","url":"https:\/\/nomini.bet\/?page_id=174","name":"Witamy w Nomini Kasynie Online \ud83c\udfb0","isPartOf":{"@id":"https:\/\/nomini.bet\/#website"},"primaryImageOfPage":{"@id":"https:\/\/nomini.bet\/?page_id=174#primaryimage"},"image":{"@id":"https:\/\/nomini.bet\/?page_id=174#primaryimage"},"thumbnailUrl":"https:\/\/nomini.bet\/wp-content\/uploads\/2024\/06\/pikaso_texttoimage_3d-model-Online-Casino-figure-octane-render-volume.jpeg","datePublished":"2024-04-30T11:42:30+00:00","dateModified":"2024-06-11T09:58:49+00:00","description":"Zarejestruj si\u0119 w Nomini Kasynie Online i ciesz si\u0119 najlepszymi grami kasynowymi oraz niesamowitymi bonusami!","breadcrumb":{"@id":"https:\/\/nomini.bet\/?page_id=174#breadcrumb"},"inLanguage":"pl-PL","potentialAction":[{"@type":"ReadAction","target":["https:\/\/nomini.bet\/?page_id=174"]}]},{"@type":"ImageObject","inLanguage":"pl-PL","@id":"https:\/\/nomini.bet\/?page_id=174#primaryimage","url":"https:\/\/nomini.bet\/wp-content\/uploads\/2024\/06\/pikaso_texttoimage_3d-model-Online-Casino-figure-octane-render-volume.jpeg","contentUrl":"https:\/\/nomini.bet\/wp-content\/uploads\/2024\/06\/pikaso_texttoimage_3d-model-Online-Casino-figure-octane-render-volume.jpeg","width":1216,"height":832},{"@type":"BreadcrumbList","@id":"https:\/\/nomini.bet\/?page_id=174#breadcrumb","itemListElement":[{"@type":"ListItem","position":1,"name":"Home","item":"https:\/\/nomini.bet\/"},{"@type":"ListItem","position":2,"name":"Witamy w Nomini Kasynie Online \ud83c\udfb0"}]},{"@type":"WebSite","@id":"https:\/\/nomini.bet\/#website","url":"https:\/\/nomini.bet\/","name":"Nomini","description":"","publisher":{"@id":"https:\/\/nomini.bet\/#organization"},"potentialAction":[{"@type":"SearchAction","target":{"@type":"EntryPoint","urlTemplate":"https:\/\/nomini.bet\/?s={search_term_string}"},"query-input":"required name=search_term_string"}],"inLanguage":"pl-PL"},{"@type":"Organization","@id":"https:\/\/nomini.bet\/#organization","name":"Nomini","url":"https:\/\/nomini.bet\/","logo":{"@type":"ImageObject","inLanguage":"pl-PL","@id":"https:\/\/nomini.bet\/#\/schema\/logo\/image\/","url":"https:\/\/nomini.bet\/wp-content\/uploads\/2024\/04\/nomini-casino-logo-transparent-160x54.png.webp","contentUrl":"https:\/\/nomini.bet\/wp-content\/uploads\/2024\/04\/nomini-casino-logo-transparent-160x54.png.webp","width":160,"height":54,"caption":"Nomini"},"image":{"@id":"https:\/\/nomini.bet\/#\/schema\/logo\/image\/"}}]}},"_links":{"self":[{"href":"https:\/\/nomini.bet\/index.php?rest_route=\/wp\/v2\/pages\/174","targetHints":{"allow":["GET"]}}],"collection":[{"href":"https:\/\/nomini.bet\/index.php?rest_route=\/wp\/v2\/pages"}],"about":[{"href":"https:\/\/nomini.bet\/index.php?rest_route=\/wp\/v2\/types\/page"}],"author":[{"embeddable":true,"href":"https:\/\/nomini.bet\/index.php?rest_route=\/wp\/v2\/users\/3"}],"replies":[{"embeddable":true,"href":"https:\/\/nomini.bet\/index.php?rest_route=%2Fwp%2Fv2%2Fcomments&post=174"}],"version-history":[{"count":0,"href":"https:\/\/nomini.bet\/index.php?rest_route=\/wp\/v2\/pages\/174\/revisions"}],"wp:attachment":[{"href":"https:\/\/nomini.bet\/index.php?rest_route=%2Fwp%2Fv2%2Fmedia&parent=174"}],"curies":[{"name":"wp","href":"https:\/\/api.w.org\/{rel}","templated":true}]}}